{"id":2442,"date":"2025-06-03T14:05:04","date_gmt":"2025-06-03T12:05:04","guid":{"rendered":"https:\/\/aceroscoac.com\/politique-de-confidentialite\/"},"modified":"2025-08-05T17:31:41","modified_gmt":"2025-08-05T15:31:41","slug":"politique-de-confidentialite","status":"publish","type":"page","link":"https:\/\/aceroscoac.com\/fr\/politique-de-confidentialite\/","title":{"rendered":"Politique de confidentialit\u00e9"},"content":{"rendered":"\n<p>Conform\u00e9ment aux dispositions du r\u00e8glement (UE) 2016\/679 du Parlement europ\u00e9en et du Conseil du 27 avril 2016 relatif \u00e0 la protection des personnes physiques \u00e0 l&rsquo;\u00e9gard du traitement des donn\u00e9es \u00e0 caract\u00e8re personnel et \u00e0 la libre circulation de ces donn\u00e9es, et de la loi organique 3\/2018 du 5 d\u00e9cembre relative \u00e0 la protection des donn\u00e9es \u00e0 caract\u00e8re personnel et \u00e0 la garantie des droits num\u00e9riques, ainsi qu&rsquo;\u00e0 ses r\u00e8gles de d\u00e9veloppement, nous vous fournissons des informations plus d\u00e9taill\u00e9es dans la pr\u00e9sente politique de confidentialit\u00e9.<\/p>\n\n<p>Qui est responsable du traitement de vos donn\u00e9es ?<\/p>\n\n<ul class=\"wp-block-list\">\n<li>Identit\u00e9 : <strong>ACEROS COAC, S.L<\/strong>. (ci-apr\u00e8s ACEROS COAC) <\/li>\n\n\n\n<li>Adresse postale : Pol\u00edgono San Valero N-42, 50013, ZARAGOZA.<\/li>\n\n\n\n<li>T\u00e9l\u00e9phone : 976 50 03 78<\/li>\n\n\n\n<li>Adresse \u00e9lectronique : coac@aceroscoac.com<\/li>\n<\/ul>\n\n<p>Dans quel but traitons-nous vos donn\u00e9es personnelles ?<\/p>\n\n<p>Chez ACEROS COAC, nous traitons les informations que les personnes int\u00e9ress\u00e9es nous fournissent afin de fournir les services de stockage, de distribution et de vente d&rsquo;aciers sp\u00e9ciaux.<\/p>\n\n<p>Aucune d\u00e9cision automatis\u00e9e ne sera prise sur la base des donn\u00e9es fournies.<\/p>\n\n<p>Combien de temps conserverons-nous vos donn\u00e9es ?<\/p>\n\n<p>Les donn\u00e9es personnelles fournies seront conserv\u00e9es pendant la dur\u00e9e indispensable \u00e0 la prestation du service demand\u00e9 ou \u00e0 la commercialisation du produit, tant que la personne concern\u00e9e ne demande pas leur suppression et pendant les d\u00e9lais l\u00e9galement \u00e9tablis.<\/p>\n\n<p>Quelle est la base juridique du traitement de vos donn\u00e9es ?<\/p>\n\n<p>La base juridique du traitement de vos donn\u00e9es sera, selon le cas, le consentement de la personne concern\u00e9e, l&rsquo;ex\u00e9cution d&rsquo;un contrat ou l&rsquo;int\u00e9r\u00eat l\u00e9gitime.<\/p>\n\n<p>\u00c0 quels destinataires vos donn\u00e9es seront-elles communiqu\u00e9es ?<\/p>\n\n<p>Les donn\u00e9es ne seront pas communiqu\u00e9es \u00e0 des tiers, sauf obligation l\u00e9gale.<\/p>\n\n<p>Transferts de donn\u00e9es vers des pays tiers<\/p>\n\n<p>Aucun transfert de donn\u00e9es vers des pays tiers n&rsquo;est pr\u00e9vu.<\/p>\n\n<p>Quels sont vos droits lorsque vous nous fournissez vos donn\u00e9es ?<\/p>\n\n<p>Toute personne a le droit d&rsquo;obtenir des informations sur le fait qu&rsquo;ACEROS COAC traite ou non des donn\u00e9es \u00e0 caract\u00e8re personnel la concernant.<\/p>\n\n<p>Les personnes int\u00e9ress\u00e9es ont le droit d&rsquo;acc\u00e9der \u00e0 leurs donn\u00e9es personnelles, ainsi que de demander la rectification des donn\u00e9es inexactes ou, le cas \u00e9ch\u00e9ant, de demander leur suppression lorsque, entre autres raisons, les donn\u00e9es ne sont plus n\u00e9cessaires aux fins pour lesquelles elles ont \u00e9t\u00e9 collect\u00e9es. Elles ont \u00e9galement le droit \u00e0 la portabilit\u00e9 de leurs donn\u00e9es. <\/p>\n\n<p>Dans certaines circonstances, les personnes int\u00e9ress\u00e9es peuvent demander la limitation du traitement de leurs donn\u00e9es, auquel cas nous ne les conserverons que pour l&rsquo;exercice ou la d\u00e9fense de r\u00e9clamations.<\/p>\n\n<p>Dans certaines circonstances et pour des raisons li\u00e9es \u00e0 leur situation particuli\u00e8re, les personnes int\u00e9ress\u00e9es peuvent s&rsquo;opposer au traitement de leurs donn\u00e9es. Dans ce cas, ACEROS COAC cessera de traiter les donn\u00e9es, sauf pour des motifs l\u00e9gitimes imp\u00e9rieux, ou pour l&rsquo;exercice ou la d\u00e9fense d&rsquo;\u00e9ventuelles r\u00e9clamations. <\/p>\n\n<p>Vous pouvez exercer mat\u00e9riellement vos droits en envoyant un courrier \u00e9lectronique \u00e0 coac@aceroscoac.com, en vous identifiant d\u00fbment et en indiquant express\u00e9ment le droit concret que vous souhaitez exercer.<\/p>\n\n<p>Si vous avez donn\u00e9 votre consentement pour une finalit\u00e9 sp\u00e9cifique, vous avez le droit de retirer le consentement donn\u00e9 \u00e0 tout moment, sans que cela n&rsquo;affecte la lic\u00e9it\u00e9 du traitement bas\u00e9 sur le consentement pr\u00e9alable \u00e0 son retrait.<\/p>\n\n<p>Si vous estimez que vos droits en mati\u00e8re de protection de vos donn\u00e9es personnelles ont \u00e9t\u00e9 viol\u00e9s, notamment lorsque vous n&rsquo;avez pas obtenu satisfaction dans l&rsquo;exercice de vos droits, vous pouvez vous adresser au d\u00e9l\u00e9gu\u00e9 \u00e0 la protection des donn\u00e9es, s&rsquo;il a \u00e9t\u00e9 d\u00e9sign\u00e9, ou d\u00e9poser une r\u00e9clamation aupr\u00e8s de l&rsquo;autorit\u00e9 de contr\u00f4le comp\u00e9tente en mati\u00e8re de protection des donn\u00e9es via son site web : www.aepd.es<\/p>\n\n<p>Plus d&rsquo;informations sur le traitement de vos donn\u00e9es<\/p>\n\n<p>Lorsque nous devons obtenir des informations de votre part, nous vous demanderons toujours de nous les fournir volontairement en donnant votre consentement de mani\u00e8re expresse par le biais des moyens mis \u00e0 disposition \u00e0 cet effet.<\/p>\n\n<p>Le traitement des donn\u00e9es collect\u00e9es via les formulaires de collecte de donn\u00e9es du site web ou d&rsquo;autres voies sera int\u00e9gr\u00e9 au registre des activit\u00e9s de traitement dont ACEROS COAC est responsable.<\/p>\n\n<p>ACEROS COAC traite les donn\u00e9es de mani\u00e8re confidentielle et adopte les mesures techniques et organisationnelles appropri\u00e9es pour garantir le niveau de s\u00e9curit\u00e9 ad\u00e9quat au traitement, conform\u00e9ment aux exigences du r\u00e8glement (UE) 2016\/679 du Parlement europ\u00e9en et du Conseil du 27 avril 2016 et aux autres r\u00e9glementations applicables en mati\u00e8re de protection des donn\u00e9es.<\/p>\n\n<p>Toutefois, ACEROS COAC ne peut garantir l&rsquo;invuln\u00e9rabilit\u00e9 absolue des syst\u00e8mes, par cons\u00e9quent, elle n&rsquo;assume aucune responsabilit\u00e9 pour les dommages et pr\u00e9judices d\u00e9coulant d&rsquo;alt\u00e9rations que des tiers pourraient causer aux syst\u00e8mes informatiques, aux documents \u00e9lectroniques ou aux fichiers de l&rsquo;utilisateur.<\/p>\n\n<p>Si vous choisissez de quitter notre site web par le biais de liens vers des sites web n&rsquo;appartenant pas \u00e0 notre entit\u00e9, ACEROS COAC ne sera pas responsable des politiques de confidentialit\u00e9 de ces sites web ni des cookies que ceux-ci peuvent stocker sur l&rsquo;ordinateur de l&rsquo;utilisateur.<\/p>\n\n<figure class=\"wp-block-image size-full is-resized\"><img decoding=\"async\" width=\"768\" height=\"307\" src=\"https:\/\/aceroscoac.com\/wp-content\/uploads\/2025\/04\/logotipo.png\" alt=\"\" class=\"wp-image-6\" style=\"width:177px;height:auto\" srcset=\"https:\/\/aceroscoac.com\/wp-content\/uploads\/2025\/04\/logotipo.png 768w, https:\/\/aceroscoac.com\/wp-content\/uploads\/2025\/04\/logotipo-480x192.png 480w\" sizes=\"(min-width: 0px) and (max-width: 480px) 480px, (min-width: 481px) 768px, 100vw\" \/><\/figure>\n\n<h6 class=\"wp-block-heading has-small-font-size\">ACEROS COAC, S.L. &#8211; B50563071<\/h6>\n\n<p>Nous voulons \u00eatre votre fournisseur d&rsquo;aciers. Nous offrons \u00e0 nos clients des services complets. Notre objectif est de vous aider \u00e0 continuer de cro\u00eetre.  <\/p>\n\n<figure class=\"wp-block-image size-full is-resized\"><img decoding=\"async\" width=\"150\" height=\"262\" src=\"https:\/\/aceroscoac.com\/wp-content\/uploads\/2025\/04\/aceros-coac-calidad-certificado-iso-9001-1.png\" alt=\"\" class=\"wp-image-255\" style=\"width:58px;height:auto\" title=\"aceros-coac-calidad-certificado-iso-9001\"><\/figure>\n\n<h4 class=\"wp-block-heading\">Entreprise<br\/>certifi\u00e9e<\/h4>\n\n<p>ISO 9001:2015<\/p>\n\n<h6 class=\"wp-block-heading has-small-font-size\">Adresse<\/h6>\n\n<p>Carretera de Castell\u00f3n &#8211; km. 4,8 N-232<br\/>Pol\u00edgono San Valero, nave 28-42-43<br\/>50013 &#8211; ZARAGOZA<\/p>\n\n<h6 class=\"wp-block-heading has-small-font-size\">Horaires<\/h6>\n\n<p>Du lundi au vendredi<br\/>De 8h00 \u00e0 13h30<br\/>De 15h30 \u00e0 18h00<\/p>\n\n<h6 class=\"wp-block-heading has-small-font-size\">T\u00e9l\u00e9phone<\/h6>\n\n<p>Administration &#8211; 976 50 03 78<br\/>Conseils techniques &#8211; 976 50 08 67<br\/>Commercial ventes &#8211; 976 50 12 10<\/p>\n\n<h6 class=\"wp-block-heading has-small-font-size\">Courriel<\/h6>\n\n<p>coac@aceroscoac.com<\/p>\n","protected":false},"excerpt":{"rendered":"<p>Conform\u00e9ment aux dispositions du r\u00e8glement (UE) 2016\/679 du Parlement europ\u00e9en et du Conseil du 27 avril 2016 relatif \u00e0 la protection des personnes physiques \u00e0 l&rsquo;\u00e9gard du traitement des donn\u00e9es \u00e0 caract\u00e8re personnel et \u00e0 la libre circulation de ces donn\u00e9es, et de la loi organique 3\/2018 du 5 d\u00e9cembre relative \u00e0 la protection des [&hellip;]<\/p>\n","protected":false},"author":1,"featured_media":0,"parent":0,"menu_order":0,"comment_status":"closed","ping_status":"closed","template":"","meta":{"_et_pb_use_builder":"off","_et_pb_old_content":"","_et_gb_content_width":"","footnotes":""},"class_list":["post-2442","page","type-page","status-publish","hentry"],"_links":{"self":[{"href":"https:\/\/aceroscoac.com\/fr\/wp-json\/wp\/v2\/pages\/2442","targetHints":{"allow":["GET"]}}],"collection":[{"href":"https:\/\/aceroscoac.com\/fr\/wp-json\/wp\/v2\/pages"}],"about":[{"href":"https:\/\/aceroscoac.com\/fr\/wp-json\/wp\/v2\/types\/page"}],"author":[{"embeddable":true,"href":"https:\/\/aceroscoac.com\/fr\/wp-json\/wp\/v2\/users\/1"}],"replies":[{"embeddable":true,"href":"https:\/\/aceroscoac.com\/fr\/wp-json\/wp\/v2\/comments?post=2442"}],"version-history":[{"count":1,"href":"https:\/\/aceroscoac.com\/fr\/wp-json\/wp\/v2\/pages\/2442\/revisions"}],"predecessor-version":[{"id":2446,"href":"https:\/\/aceroscoac.com\/fr\/wp-json\/wp\/v2\/pages\/2442\/revisions\/2446"}],"wp:attachment":[{"href":"https:\/\/aceroscoac.com\/fr\/wp-json\/wp\/v2\/media?parent=2442"}],"curies":[{"name":"wp","href":"https:\/\/api.w.org\/{rel}","templated":true}]}}