{"id":2459,"date":"2025-05-11T11:16:28","date_gmt":"2025-05-11T09:16:28","guid":{"rendered":"https:\/\/aceroscoac.com\/acier-pour-moules-dinjection\/"},"modified":"2025-08-29T17:51:56","modified_gmt":"2025-08-29T15:51:56","slug":"acier-pour-moules-dinjection","status":"publish","type":"page","link":"https:\/\/aceroscoac.com\/fr\/nuances-dacier\/acier-pour-moules-dinjection\/","title":{"rendered":"Acier pour moules d&rsquo;injection"},"content":{"rendered":"<p>[et_pb_section fb_built=\u00a0\u00bb1&Prime; admin_label=\u00a0\u00bbHeader\u00a0\u00bb _builder_version=\u00a0\u00bb4.27.4&Prime; _module_preset=\u00a0\u00bb6234cc3d-b6f8-400b-b428-098eb18d4048&Prime; background_color=\u00a0\u00bbgcid-primary-color\u00a0\u00bb use_background_color_gradient=\u00a0\u00bboff\u00a0\u00bb background_enable_image=\u00a0\u00bboff\u00a0\u00bb parallax=\u00a0\u00bbon\u00a0\u00bb background_enable_video_mp4=\u00a0\u00bboff\u00a0\u00bb custom_padding=\u00a0\u00bb2vw||2vw||true|false\u00a0\u00bb collapsed=\u00a0\u00bboff\u00a0\u00bb global_colors_info=\u00a0\u00bb{%22gcid-primary-color%22:%91%22background_color_gradient_stops%22,%22quote_text_color%22,%22background_color%22%93}\u00a0\u00bb][et_pb_row _builder_version=\u00a0\u00bb4.27.4&Prime; _module_preset=\u00a0\u00bbdefault\u00a0\u00bb background_enable_color=\u00a0\u00bboff\u00a0\u00bb custom_padding=\u00a0\u00bb20px|20px|20px|20px|true|true\u00a0\u00bb global_colors_info=\u00a0\u00bb{}\u00a0\u00bb][et_pb_column type=\u00a0\u00bb4_4&Prime; _builder_version=\u00a0\u00bb4.27.0&Prime; _module_preset=\u00a0\u00bbdefault\u00a0\u00bb global_colors_info=\u00a0\u00bb{}\u00a0\u00bb][et_pb_heading title=\u00a0\u00bb@ET-DC@eyJkeW5hbWljIjp0cnVlLCJjb250ZW50IjoicG9zdF90aXRsZSIsInNldHRpbmdzIjp7ImJlZm9yZSI6IiIsImFmdGVyIjoiIn19@\u00a0\u00bb _builder_version=\u00a0\u00bb4.27.4&Prime; _dynamic_attributes=\u00a0\u00bbtitle\u00a0\u00bb _module_preset=\u00a0\u00bb85bb96a3-ef78-46ce-aab0-1e7393bf0748&Prime; title_text_color=\u00a0\u00bb#FFFFFF\u00a0\u00bb custom_margin=\u00a0\u00bb||10px||false|false\u00a0\u00bb global_colors_info=\u00a0\u00bb{}\u00a0\u00bb][\/et_pb_heading][et_pb_heading title=\u00a0\u00bbEN STOCK EN MOINS DE 48 HEURES\u00a0\u00bb _builder_version=\u00a0\u00bb4.27.4&Prime; _module_preset=\u00a0\u00bbeb37210b-8edd-4727-970a-25cfc5e0f17b\u00a0\u00bb title_text_color=\u00a0\u00bb#FFFFFF\u00a0\u00bb global_colors_info=\u00a0\u00bb{}\u00a0\u00bb][\/et_pb_heading][\/et_pb_column][\/et_pb_row][\/et_pb_section][et_pb_section fb_built=\u00a0\u00bb1&Prime; _builder_version=\u00a0\u00bb4.27.4&Prime; _module_preset=\u00a0\u00bbdefault\u00a0\u00bb global_colors_info=\u00a0\u00bb{}\u00a0\u00bb][et_pb_row _builder_version=\u00a0\u00bb4.27.4&Prime; _module_preset=\u00a0\u00bbdefault\u00a0\u00bb global_colors_info=\u00a0\u00bb{}\u00a0\u00bb][et_pb_column type=\u00a0\u00bb4_4&Prime; _builder_version=\u00a0\u00bb4.27.4&Prime; _module_preset=\u00a0\u00bbdefault\u00a0\u00bb global_colors_info=\u00a0\u00bb{}\u00a0\u00bb][et_pb_heading title=\u00a0\u00bbQue sont les aciers pour moules d&rsquo;injection:\u00a0\u00bb _builder_version=\u00a0\u00bb4.27.4&Prime; _module_preset=\u00a0\u00bbdefault\u00a0\u00bb hover_enabled=\u00a0\u00bb0&Prime; global_colors_info=\u00a0\u00bb{}\u00a0\u00bb sticky_enabled=\u00a0\u00bb0&Prime;][\/et_pb_heading][et_pb_text _builder_version=\u00a0\u00bb4.27.4&Prime; _module_preset=\u00a0\u00bbdefault\u00a0\u00bb global_colors_info=\u00a0\u00bb{}\u00a0\u00bb]<\/p>\n<blockquote>\n<p class=\"p1\">Les aciers pour moules de plastique sont des aciers sp\u00e9ciaux utilis\u00e9s dans la fabrication de moules d&rsquo;injection, de soufflage ou de compression destin\u00e9s \u00e0 la production de pi\u00e8ces plastiques. Ces aciers sont con\u00e7us pour r\u00e9sister aux conditions sp\u00e9cifiques du processus de moulage&nbsp;: pression, temp\u00e9rature cyclique, abrasion du plastique et, dans de nombreux cas, n\u00e9cessit\u00e9 d&rsquo;une finition de surface de haute qualit\u00e9. <\/p>\n<\/blockquote>\n<p>[\/et_pb_text][\/et_pb_column][\/et_pb_row][et_pb_row column_structure=\u00a0\u00bb1_2,1_2&Prime; _builder_version=\u00a0\u00bb4.27.4&Prime; _module_preset=\u00a0\u00bbdefault\u00a0\u00bb global_colors_info=\u00a0\u00bb{}\u00a0\u00bb][et_pb_column type=\u00a0\u00bb1_2&Prime; _builder_version=\u00a0\u00bb4.27.4&Prime; _module_preset=\u00a0\u00bbdefault\u00a0\u00bb global_colors_info=\u00a0\u00bb{}\u00a0\u00bb][et_pb_blurb title=\u00a0\u00bbAcier UDDAX W.Nr:1.2311&Prime; url=\u00a0\u00bbhttps:\/\/aceroscoac.com\/fr\/aciers\/acier-uddax-w-nr1-2311\/\u00a0\u00bb image=\u00a0\u00bbhttps:\/\/aceroscoac.com\/wp-content\/uploads\/2025\/05\/UDDAX-1223-x-300-px.jpg\u00a0\u00bb alt=\u00a0\u00bbAcier UDDAX W.Nr: 1.2311 aceroscoac\u00a0\u00bb icon_placement=\u00a0\u00bbtop\u00a0\u00bb image_icon_width=\u00a0\u00bb131%\u00a0\u00bb _builder_version=\u00a0\u00bb4.27.4&Prime; _module_preset=\u00a0\u00bbdefault\u00a0\u00bb hover_enabled=\u00a0\u00bb0&Prime; global_colors_info=\u00a0\u00bb{}\u00a0\u00bb sticky_enabled=\u00a0\u00bb0&Prime;][\/et_pb_blurb][\/et_pb_column][et_pb_column type=\u00a0\u00bb1_2&Prime; _builder_version=\u00a0\u00bb4.27.4&Prime; _module_preset=\u00a0\u00bbdefault\u00a0\u00bb global_colors_info=\u00a0\u00bb{}\u00a0\u00bb][et_pb_blurb title=\u00a0\u00bbAcier UDDAX + S W.Nr:1.2312&Prime; url=\u00a0\u00bbhttps:\/\/aceroscoac.com\/fr\/aciers\/acier-uddax-s-w-nr1-2312\/\u00a0\u00bb image=\u00a0\u00bbhttps:\/\/aceroscoac.com\/wp-content\/uploads\/2025\/06\/udas-2312-copia.jpeg\u00a0\u00bb alt=\u00a0\u00bbAcier UDDAX W.Nr: 1.2311 aceroscoac\u00a0\u00bb icon_placement=\u00a0\u00bbtop\u00a0\u00bb image_icon_width=\u00a0\u00bb131%\u00a0\u00bb _builder_version=\u00a0\u00bb4.27.4&Prime; _module_preset=\u00a0\u00bbdefault\u00a0\u00bb hover_enabled=\u00a0\u00bb0&Prime; global_colors_info=\u00a0\u00bb{}\u00a0\u00bb sticky_enabled=\u00a0\u00bb0&Prime;][\/et_pb_blurb][\/et_pb_column][\/et_pb_row][et_pb_row column_structure=\u00a0\u00bb1_2,1_2&Prime; _builder_version=\u00a0\u00bb4.27.4&Prime; _module_preset=\u00a0\u00bbdefault\u00a0\u00bb global_colors_info=\u00a0\u00bb{}\u00a0\u00bb][et_pb_column type=\u00a0\u00bb1_2&Prime; _builder_version=\u00a0\u00bb4.27.4&Prime; _module_preset=\u00a0\u00bbdefault\u00a0\u00bb global_colors_info=\u00a0\u00bb{}\u00a0\u00bb][et_pb_blurb title=\u00a0\u00bbAcier Plas Excel EFS W.Nr:1.2738&Prime; url=\u00a0\u00bbhttps:\/\/aceroscoac.com\/fr\/aciers\/acier-plas-excel-efs-w-nr1-2738\/\u00a0\u00bb image=\u00a0\u00bbhttps:\/\/aceroscoac.com\/wp-content\/uploads\/2025\/05\/PLAS-EXCEL1223-\u00d7-300-px-1024&#215;251-1.jpg\u00a0\u00bb alt=\u00a0\u00bbAcier Plas Excel EFS W.Nr: 1.2738 aceroscoac\u00a0\u00bb icon_placement=\u00a0\u00bbtop\u00a0\u00bb image_icon_width=\u00a0\u00bb131%\u00a0\u00bb _builder_version=\u00a0\u00bb4.27.4&Prime; _module_preset=\u00a0\u00bbdefault\u00a0\u00bb hover_enabled=\u00a0\u00bb0&Prime; global_colors_info=\u00a0\u00bb{}\u00a0\u00bb sticky_enabled=\u00a0\u00bb0&Prime;][\/et_pb_blurb][et_pb_blurb title=\u00a0\u00bbAcier Forco Tratado W.Nr:1.2714&Prime; url=\u00a0\u00bbhttps:\/\/aceroscoac.com\/fr\/aciers\/acier-forco-tratado-w-nr1-2714\/\u00a0\u00bb image=\u00a0\u00bbhttps:\/\/aceroscoac.com\/wp-content\/uploads\/2025\/05\/FORCO-RECOCIDO-1223-\u00d7-300-px-1024&#215;251-1.jpg\u00a0\u00bb alt=\u00a0\u00bbAcier Forco Tratado W.Nr 1.2714&Prime; icon_placement=\u00a0\u00bbtop\u00a0\u00bb image_icon_width=\u00a0\u00bb131%\u00a0\u00bb _builder_version=\u00a0\u00bb4.27.4&Prime; _module_preset=\u00a0\u00bbdefault\u00a0\u00bb hover_enabled=\u00a0\u00bb0&Prime; global_colors_info=\u00a0\u00bb{}\u00a0\u00bb sticky_enabled=\u00a0\u00bb0&Prime;][\/et_pb_blurb][\/et_pb_column][et_pb_column type=\u00a0\u00bb1_2&Prime; _builder_version=\u00a0\u00bb4.27.4&Prime; _module_preset=\u00a0\u00bbdefault\u00a0\u00bb global_colors_info=\u00a0\u00bb{}\u00a0\u00bb][et_pb_blurb title=\u00a0\u00bbAcier Plas Excel HH W.Nr:1.2738 HH\u00a0\u00bb url=\u00a0\u00bbhttps:\/\/aceroscoac.com\/aceros\/acero-plas-excel-hh-w-nr-1-2738-hh\/\u00a0\u00bb image=\u00a0\u00bbhttps:\/\/aceroscoac.com\/wp-content\/uploads\/2025\/05\/PLAS-EXCEL-HH-1223-\u00d7-300-px-1024&#215;251-1.jpg\u00a0\u00bb alt=\u00a0\u00bbacier Acier Plas Excel HH W.Nr 1.2738 HH aceros coac\u00a0\u00bb icon_placement=\u00a0\u00bbtop\u00a0\u00bb image_icon_width=\u00a0\u00bb131%\u00a0\u00bb _builder_version=\u00a0\u00bb4.27.4&Prime; _module_preset=\u00a0\u00bbdefault\u00a0\u00bb hover_enabled=\u00a0\u00bb0&Prime; global_colors_info=\u00a0\u00bb{}\u00a0\u00bb sticky_enabled=\u00a0\u00bb0&Prime;][\/et_pb_blurb][et_pb_blurb title=\u00a0\u00bbAcier Forco Recocido W.Nr:1.2714&Prime; url=\u00a0\u00bbhttps:\/\/aceroscoac.com\/fr\/aciers\/acier-forco-recuit-w-nr1-2714\/\u00a0\u00bb image=\u00a0\u00bbhttps:\/\/aceroscoac.com\/wp-content\/uploads\/2025\/06\/forco-recocido-copia.jpeg\u00a0\u00bb alt=\u00a0\u00bbacier Acier Plas Excel HH W.Nr 1.2738 HH aceros coac\u00a0\u00bb icon_placement=\u00a0\u00bbtop\u00a0\u00bb image_icon_width=\u00a0\u00bb131%\u00a0\u00bb _builder_version=\u00a0\u00bb4.27.4&Prime; _module_preset=\u00a0\u00bbdefault\u00a0\u00bb hover_enabled=\u00a0\u00bb0&Prime; global_colors_info=\u00a0\u00bb{}\u00a0\u00bb sticky_enabled=\u00a0\u00bb0&Prime;][\/et_pb_blurb][\/et_pb_column][\/et_pb_row][\/et_pb_section][et_pb_section fb_built=\u00a0\u00bb1&Prime; admin_label=\u00a0\u00bbHeader\u00a0\u00bb _builder_version=\u00a0\u00bb4.27.4&Prime; _module_preset=\u00a0\u00bb6234cc3d-b6f8-400b-b428-098eb18d4048&Prime; background_image=\u00a0\u00bbhttps:\/\/aceroscoac.com\/wp-content\/uploads\/2025\/04\/clasificacion-de-los-grados-de-acero-scaled.jpg\u00a0\u00bb background_position=\u00a0\u00bbbottom_left\u00a0\u00bb background_enable_video_mp4=\u00a0\u00bboff\u00a0\u00bb custom_padding=\u00a0\u00bb2vw||2vw||true|false\u00a0\u00bb collapsed=\u00a0\u00bboff\u00a0\u00bb global_colors_info=\u00a0\u00bb{%22gcid-primary-color%22:%91%22background_color_gradient_stops%22,%22quote_text_color%22%93}\u00a0\u00bb][et_pb_row _builder_version=\u00a0\u00bb4.27.4&Prime; _module_preset=\u00a0\u00bbdefault\u00a0\u00bb background_enable_color=\u00a0\u00bboff\u00a0\u00bb custom_padding=\u00a0\u00bb20px|20px|20px|20px|true|true\u00a0\u00bb global_colors_info=\u00a0\u00bb{}\u00a0\u00bb][et_pb_column type=\u00a0\u00bb4_4&Prime; _builder_version=\u00a0\u00bb4.27.0&Prime; _module_preset=\u00a0\u00bbdefault\u00a0\u00bb global_colors_info=\u00a0\u00bb{}\u00a0\u00bb][et_pb_heading title=\u00a0\u00bbComment les nuances d&rsquo;acier sont-elles class\u00e9es ?\u00a0\u00bb _builder_version=\u00a0\u00bb4.27.4&Prime; _module_preset=\u00a0\u00bb85bb96a3-ef78-46ce-aab0-1e7393bf0748&Prime; title_level=\u00a0\u00bbh2&Prime; title_text_color=\u00a0\u00bb#FFFFFF\u00a0\u00bb custom_margin=\u00a0\u00bb||10px||false|false\u00a0\u00bb global_colors_info=\u00a0\u00bb{}\u00a0\u00bb][\/et_pb_heading][\/et_pb_column][\/et_pb_row][\/et_pb_section][et_pb_section fb_built=\u00a0\u00bb1&Prime; _builder_version=\u00a0\u00bb4.27.4&Prime; _module_preset=\u00a0\u00bbdefault\u00a0\u00bb global_colors_info=\u00a0\u00bb{}\u00a0\u00bb][et_pb_row column_structure=\u00a0\u00bb1_2,1_2&Prime; _builder_version=\u00a0\u00bb4.27.4&Prime; _module_preset=\u00a0\u00bbdefault\u00a0\u00bb global_colors_info=\u00a0\u00bb{}\u00a0\u00bb][et_pb_column type=\u00a0\u00bb1_2&Prime; _builder_version=\u00a0\u00bb4.27.4&Prime; _module_preset=\u00a0\u00bbdefault\u00a0\u00bb global_colors_info=\u00a0\u00bb{}\u00a0\u00bb][et_pb_text _builder_version=\u00a0\u00bb4.27.4&Prime; _module_preset=\u00a0\u00bbdefault\u00a0\u00bb global_colors_info=\u00a0\u00bb{}\u00a0\u00bb]<\/p>\n<p data-start=\"222\" data-end=\"457\" class=\"\">Pour classer correctement les diff\u00e9rents types et nuances d&rsquo;acier, il est essentiel de tenir compte \u00e0 la fois de leur <strong data-start=\"326\" data-end=\"355\">composition et de leurs propri\u00e9t\u00e9s<\/strong>, des <strong data-start=\"365\" data-end=\"388\">normes europ\u00e9ennes<\/strong> applicables et des <strong data-start=\"406\" data-end=\"443\">exigences techniques de l&rsquo;utilisation finale<\/strong> du mat\u00e9riau.<\/p>\n<p data-start=\"459\" data-end=\"779\" class=\"\">Une m\u00eame nuance d&rsquo;acier peut pr\u00e9senter des <strong data-start=\"499\" data-end=\"538\">variantes avec des propri\u00e9t\u00e9s diff\u00e9rentes<\/strong>, en fonction du type d&rsquo;alliage, du processus de fabrication ou des traitements thermiques et m\u00e9caniques appliqu\u00e9s. C&rsquo;est pourquoi les aciers peuvent \u00eatre class\u00e9s selon <strong data-start=\"698\" data-end=\"723\">diff\u00e9rents standards<\/strong>, en fonction de leur application et de leur comportement attendu. <\/p>\n<p>[\/et_pb_text][\/et_pb_column][et_pb_column type=\u00a0\u00bb1_2&Prime; _builder_version=\u00a0\u00bb4.27.4&Prime; _module_preset=\u00a0\u00bbdefault\u00a0\u00bb global_colors_info=\u00a0\u00bb{}\u00a0\u00bb][et_pb_text _builder_version=\u00a0\u00bb4.27.4&Prime; _module_preset=\u00a0\u00bbdefault\u00a0\u00bb global_colors_info=\u00a0\u00bb{}\u00a0\u00bb]<\/p>\n<p data-start=\"781\" data-end=\"866\" class=\"\">Parmi les principaux aspects analys\u00e9s pour cette classification, on trouve :<\/p>\n<ul data-start=\"868\" data-end=\"1086\">\n<li data-start=\"868\" data-end=\"893\" class=\"\">\n<p data-start=\"870\" data-end=\"893\" class=\"\"><strong data-start=\"870\" data-end=\"893\">Composition chimique<\/strong><\/p>\n<\/li>\n<li data-start=\"894\" data-end=\"916\" class=\"\">\n<p data-start=\"896\" data-end=\"916\" class=\"\"><strong data-start=\"896\" data-end=\"916\">Application finale<\/strong><\/p>\n<\/li>\n<li data-start=\"917\" data-end=\"941\" class=\"\">\n<p data-start=\"919\" data-end=\"941\" class=\"\"><strong data-start=\"919\" data-end=\"941\">Processus de finition<\/strong><\/p>\n<\/li>\n<li data-start=\"942\" data-end=\"964\" class=\"\">\n<p data-start=\"944\" data-end=\"964\" class=\"\"><strong data-start=\"944\" data-end=\"964\">Type d&rsquo;alliage<\/strong><\/p>\n<\/li>\n<li data-start=\"965\" data-end=\"992\" class=\"\">\n<p data-start=\"967\" data-end=\"992\" class=\"\"><strong data-start=\"967\" data-end=\"992\">M\u00e9thode de fabrication<\/strong><\/p>\n<\/li>\n<li data-start=\"993\" data-end=\"1019\" class=\"\">\n<p data-start=\"995\" data-end=\"1019\" class=\"\"><strong data-start=\"995\" data-end=\"1019\">R\u00e9sistance et force<\/strong><\/p>\n<\/li>\n<li data-start=\"1020\" data-end=\"1050\" class=\"\">\n<p data-start=\"1022\" data-end=\"1050\" class=\"\"><strong data-start=\"1022\" data-end=\"1050\">Traitements ult\u00e9rieurs<\/strong><\/p>\n<\/li>\n<li data-start=\"1051\" data-end=\"1086\" class=\"\">\n<p data-start=\"1053\" data-end=\"1086\" class=\"\"><strong data-start=\"1053\" data-end=\"1086\">Usure et r\u00e9sistance \u00e0 l&rsquo;utilisation<\/strong><\/p>\n<\/li>\n<\/ul>\n<p>[\/et_pb_text][\/et_pb_column][\/et_pb_row][et_pb_row _builder_version=\u00a0\u00bb4.27.4&Prime; _module_preset=\u00a0\u00bbdefault\u00a0\u00bb global_colors_info=\u00a0\u00bb{}\u00a0\u00bb][et_pb_column type=\u00a0\u00bb4_4&Prime; _builder_version=\u00a0\u00bb4.27.4&Prime; _module_preset=\u00a0\u00bbdefault\u00a0\u00bb global_colors_info=\u00a0\u00bb{}\u00a0\u00bb][et_pb_text _builder_version=\u00a0\u00bb4.27.4&Prime; _module_preset=\u00a0\u00bbdefault\u00a0\u00bb global_colors_info=\u00a0\u00bb{}\u00a0\u00bb]<\/p>\n<h3 data-start=\"222\" data-end=\"457\"><span>Chez <\/span><strong data-start=\"1091\" data-end=\"1106\">Aceros Coac<\/strong><span>, nous vous aidons \u00e0 choisir la nuance d&rsquo;acier id\u00e9ale en fonction de vos besoins techniques et de production.<\/span><\/h3>\n<p>[\/et_pb_text][et_pb_text _builder_version=\u00a0\u00bb4.27.4&Prime; _module_preset=\u00a0\u00bbdefault\u00a0\u00bb global_colors_info=\u00a0\u00bb{}\u00a0\u00bb]<\/p>\n<p data-start=\"212\" data-end=\"489\" class=\"\">Chez <strong data-start=\"215\" data-end=\"230\">Aceros Coac<\/strong>, nous avons plus de <strong data-start=\"251\" data-end=\"277\">40 ans d&rsquo;exp\u00e9rience<\/strong> dans le secteur m\u00e9tallurgique, depuis 1982. Notre \u00e9quipe technique est hautement qualifi\u00e9e pour vous aider \u00e0 choisir la <strong data-start=\"392\" data-end=\"423\">nuance d&rsquo;acier la plus appropri\u00e9e<\/strong> pour chaque application, avec une approche personnalis\u00e9e et professionnelle. <\/p>\n<p data-start=\"491\" data-end=\"654\" class=\"\">Nous analysons en profondeur les <strong data-start=\"521\" data-end=\"585\">propri\u00e9t\u00e9s m\u00e9caniques, la composition chimique et l&rsquo;utilisation finale<\/strong> de chaque mat\u00e9riau, assurant ainsi la meilleure solution pour votre projet.<\/p>\n<p data-start=\"656\" data-end=\"841\" class=\"\">L&rsquo;acier fait partie de presque tout ce que nous utilisons quotidiennement, et son choix n&rsquo;est pas un d\u00e9tail mineur : c&rsquo;est la base de la <strong data-start=\"769\" data-end=\"807\">qualit\u00e9, de la r\u00e9sistance et de la durabilit\u00e9<\/strong> de tout produit industriel.<\/p>\n<p data-start=\"843\" data-end=\"1107\" class=\"\">Depuis nos installations \u00e0 <strong data-start=\"875\" data-end=\"887\">Saragosse<\/strong>, avec plus de <strong>3 700 m\u00b2 d&rsquo;entrep\u00f4t<\/strong>, nous offrons une <strong data-start=\"939\" data-end=\"969\">logistique agile et efficace<\/strong> pour approvisionner les entreprises de secteurs aussi exigeants que l&rsquo;<strong data-start=\"1030\" data-end=\"1091\">automobile, la technologie, la fabrication d&rsquo;outils<\/strong> et bien d&rsquo;autres.<\/p>\n<p data-start=\"1109\" data-end=\"1257\" class=\"\">Chez <strong data-start=\"1112\" data-end=\"1127\">Aceros Coac<\/strong>, nous combinons exp\u00e9rience, connaissance technique et une infrastructure pr\u00e9par\u00e9e pour apporter une r\u00e9ponse rapide et pr\u00e9cise \u00e0 chaque client.<\/p>\n<p>[\/et_pb_text][\/et_pb_column][\/et_pb_row][et_pb_row _builder_version=\u00a0\u00bb4.27.4&Prime; _module_preset=\u00a0\u00bbdefault\u00a0\u00bb background_color=\u00a0\u00bbgcid-primary-color\u00a0\u00bb width_tablet=\u00a0\u00bb\u00a0\u00bb width_phone=\u00a0\u00bb90%\u00a0\u00bb width_last_edited=\u00a0\u00bbon|phone\u00a0\u00bb custom_margin=\u00a0\u00bb100px||||false|false\u00a0\u00bb custom_margin_tablet=\u00a0\u00bb0px||||false|false\u00a0\u00bb custom_margin_phone=\u00a0\u00bb0px||||false|false\u00a0\u00bb custom_margin_last_edited=\u00a0\u00bbon|phone\u00a0\u00bb custom_padding=\u00a0\u00bb|35px||35px|false|true\u00a0\u00bb global_colors_info=\u00a0\u00bb{%22gcid-primary-color%22:%91%22background_color%22%93}\u00a0\u00bb width__hover_enabled=\u00a0\u00bboff|desktop\u00a0\u00bb][et_pb_column type=\u00a0\u00bb4_4&Prime; _builder_version=\u00a0\u00bb4.27.4&Prime; _module_preset=\u00a0\u00bbdefault\u00a0\u00bb global_colors_info=\u00a0\u00bb{}\u00a0\u00bb][et_pb_text _builder_version=\u00a0\u00bb4.27.4&Prime; _module_preset=\u00a0\u00bbdefault\u00a0\u00bb text_text_color=\u00a0\u00bb#FFFFFF\u00a0\u00bb header_3_text_color=\u00a0\u00bb#FFFFFF\u00a0\u00bb global_colors_info=\u00a0\u00bb{}\u00a0\u00bb]<\/p>\n<h3>Demander des informations<\/h3>\n<p><span>Demandez-nous plus d&rsquo;informations et de conseils sur nos qualit\u00e9s d&rsquo;aciers ou toute autre question que vous pourriez avoir, et nous serons heureux de vous aider.<\/span><\/p>\n<p>[\/et_pb_text][et_pb_button button_url=\u00a0\u00bbhttps:\/\/aceroscoac.com\/fr\/contact\/\u00a0\u00bb button_text=\u00a0\u00bbDemander des infos\u00a0\u00bb _builder_version=\u00a0\u00bb4.27.4&Prime; _module_preset=\u00a0\u00bbdefault\u00a0\u00bb button_text_color=\u00a0\u00bbgcid-primary-color\u00a0\u00bb button_bg_color=\u00a0\u00bb#FFFFFF\u00a0\u00bb button_border_radius=\u00a0\u00bb0px\u00a0\u00bb custom_padding=\u00a0\u00bb12px|24px|12px|24px|true|true\u00a0\u00bb global_colors_info=\u00a0\u00bb{%22gcid-primary-color%22:%91%22button_bg_color%22,%22button_text_color%22%93}\u00a0\u00bb][\/et_pb_button][\/et_pb_column][\/et_pb_row][\/et_pb_section]<\/p>\n","protected":false},"excerpt":{"rendered":"<p>Les aciers pour moules de plastique sont des aciers sp\u00e9ciaux utilis\u00e9s dans la fabrication de moules d&rsquo;injection, de soufflage ou de compression destin\u00e9s \u00e0 la production de pi\u00e8ces plastiques. Ces aciers sont con\u00e7us pour r\u00e9sister aux conditions sp\u00e9cifiques du processus de moulage&nbsp;: pression, temp\u00e9rature cyclique, abrasion du plastique et, dans de nombreux cas, n\u00e9cessit\u00e9 d&rsquo;une [&hellip;]<\/p>\n","protected":false},"author":1,"featured_media":0,"parent":2627,"menu_order":0,"comment_status":"closed","ping_status":"closed","template":"","meta":{"_et_pb_use_builder":"on","_et_pb_old_content":"","_et_gb_content_width":"","footnotes":""},"class_list":["post-2459","page","type-page","status-publish","hentry"],"_links":{"self":[{"href":"https:\/\/aceroscoac.com\/fr\/wp-json\/wp\/v2\/pages\/2459","targetHints":{"allow":["GET"]}}],"collection":[{"href":"https:\/\/aceroscoac.com\/fr\/wp-json\/wp\/v2\/pages"}],"about":[{"href":"https:\/\/aceroscoac.com\/fr\/wp-json\/wp\/v2\/types\/page"}],"author":[{"embeddable":true,"href":"https:\/\/aceroscoac.com\/fr\/wp-json\/wp\/v2\/users\/1"}],"replies":[{"embeddable":true,"href":"https:\/\/aceroscoac.com\/fr\/wp-json\/wp\/v2\/comments?post=2459"}],"version-history":[{"count":4,"href":"https:\/\/aceroscoac.com\/fr\/wp-json\/wp\/v2\/pages\/2459\/revisions"}],"predecessor-version":[{"id":3038,"href":"https:\/\/aceroscoac.com\/fr\/wp-json\/wp\/v2\/pages\/2459\/revisions\/3038"}],"up":[{"embeddable":true,"href":"https:\/\/aceroscoac.com\/fr\/wp-json\/wp\/v2\/pages\/2627"}],"wp:attachment":[{"href":"https:\/\/aceroscoac.com\/fr\/wp-json\/wp\/v2\/media?parent=2459"}],"curies":[{"name":"wp","href":"https:\/\/api.w.org\/{rel}","templated":true}]}}