{"id":2581,"date":"2025-05-02T19:32:31","date_gmt":"2025-05-02T17:32:31","guid":{"rendered":"https:\/\/aceroscoac.com\/aciers\/acier-tole-bleue-w-nr1-2018\/"},"modified":"2025-08-27T21:27:23","modified_gmt":"2025-08-27T19:27:23","slug":"acier-tole-bleue-w-nr1-2018","status":"publish","type":"page","link":"https:\/\/aceroscoac.com\/fr\/aciers\/acier-tole-bleue-w-nr1-2018\/","title":{"rendered":"Acier T\u00f4le Bleue W.NR:1.2018"},"content":{"rendered":"<p>[et_pb_section fb_built=\u00a0\u00bb1&Prime; _builder_version=\u00a0\u00bb4.27.4&Prime; _module_preset=\u00a0\u00bbdefault\u00a0\u00bb custom_padding=\u00a0\u00bb||27px|||\u00a0\u00bb global_colors_info=\u00a0\u00bb{}\u00a0\u00bb][et_pb_row _builder_version=\u00a0\u00bb4.27.4&Prime; _module_preset=\u00a0\u00bbdefault\u00a0\u00bb global_colors_info=\u00a0\u00bb{}\u00a0\u00bb][et_pb_column type=\u00a0\u00bb4_4&Prime; _builder_version=\u00a0\u00bb4.27.4&Prime; _module_preset=\u00a0\u00bbdefault\u00a0\u00bb global_colors_info=\u00a0\u00bb{}\u00a0\u00bb][et_pb_heading title=\u00a0\u00bb@ET-DC@eyJkeW5hbWljIjp0cnVlLCJjb250ZW50IjoicG9zdF90aXRsZSIsInNldHRpbmdzIjp7ImJlZm9yZSI6IiIsImFmdGVyIjoiIn19@\u00a0\u00bb _builder_version=\u00a0\u00bb4.27.4&Prime; _dynamic_attributes=\u00a0\u00bbtitle\u00a0\u00bb _module_preset=\u00a0\u00bbdefault\u00a0\u00bb title_level=\u00a0\u00bbh1&Prime; custom_padding=\u00a0\u00bb20px||20px||true|false\u00a0\u00bb title_font_size_tablet=\u00a0\u00bb\u00a0\u00bb title_font_size_phone=\u00a0\u00bb\u00a0\u00bb title_font_size_last_edited=\u00a0\u00bbon|desktop\u00a0\u00bb global_colors_info=\u00a0\u00bb{}\u00a0\u00bb][\/et_pb_heading][et_pb_image src=\u00a0\u00bbhttps:\/\/aceroscoac.com\/wp-content\/uploads\/2025\/05\/chapa-azul1223-\u00d7-300-px-1024&#215;251-1.jpg\u00a0\u00bb alt=\u00a0\u00bbacier 1.2018 acierscoac<br \/>\n\u00a0\u00bb title_text=\u00a0\u00bbchapa-azul1223-\u00d7-300-px-1024&#215;251&Prime; force_fullwidth=\u00a0\u00bbon\u00a0\u00bb _builder_version=\u00a0\u00bb4.27.4&Prime; _module_preset=\u00a0\u00bbdefault\u00a0\u00bb min_height_tablet=\u00a0\u00bb\u00a0\u00bb min_height_phone=\u00a0\u00bb125px\u00a0\u00bb min_height_last_edited=\u00a0\u00bbon|phone\u00a0\u00bb global_colors_info=\u00a0\u00bb{}\u00a0\u00bb][\/et_pb_image][\/et_pb_column][\/et_pb_row][et_pb_row _builder_version=\u00a0\u00bb4.27.4&Prime; _module_preset=\u00a0\u00bbdefault\u00a0\u00bb global_colors_info=\u00a0\u00bb{}\u00a0\u00bb][et_pb_column type=\u00a0\u00bb4_4&Prime; _builder_version=\u00a0\u00bb4.27.4&Prime; _module_preset=\u00a0\u00bbdefault\u00a0\u00bb global_colors_info=\u00a0\u00bb{}\u00a0\u00bb][dvmd_table_maker tbl_title_mode=\u00a0\u00bbon\u00a0\u00bb tbl_title_text=\u00a0\u00bb \u00c9quivalences:\u00a0\u00bb tbl_column_header_count=\u00a0\u00bb2&Prime; tbl_row_header_count=\u00a0\u00bb-1&Prime; tbl_row_footer_count=\u00a0\u00bb1&Prime; tbl_responsive_break_by=\u00a0\u00bbrow\u00a0\u00bb tbl_frame_gap_col=\u00a0\u00bb4px\u00a0\u00bb tbl_hover_active=\u00a0\u00bbhorz\u00a0\u00bb tbl_tcell_cell_align_horz=\u00a0\u00bbleft\u00a0\u00bb tbl_tcell_cell_padding=\u00a0\u00bb17px|15px|17px|15px|true|true\u00a0\u00bb tbl_chead_cell_color=\u00a0\u00bb#f5f8fa\u00a0\u00bb tbl_cfoot_cell_color=\u00a0\u00bbRGBA(255,255,255,0)\u00a0\u00bb tbl_rfoot_cell_color=\u00a0\u00bb#f5f8fa\u00a0\u00bb tbl_chead_text_wrap=\u00a0\u00bbnormal\u00a0\u00bb tbl_rhead_text_level_active=\u00a0\u00bbon\u00a0\u00bb tbl_tcell_cell_padding_tablet=\u00a0\u00bb12px||12px||true|true\u00a0\u00bb tbl_tcell_cell_padding_phone=\u00a0\u00bb8px|12px|8px|12px|true|true\u00a0\u00bb tbl_tcell_cell_padding_last_edited=\u00a0\u00bbon|phone\u00a0\u00bb _builder_version=\u00a0\u00bb4.27.4&Prime; _module_preset=\u00a0\u00bbdefault\u00a0\u00bb tbl_title_font_size=\u00a0\u00bb20px\u00a0\u00bb tbl_tcell_text_font=\u00a0\u00bb||||||||\u00a0\u00bb tbl_tcell_text_text_color=\u00a0\u00bb#000000&Prime; tbl_tcell_text_font_size=\u00a0\u00bb16px\u00a0\u00bb tbl_tcell_text_line_height=\u00a0\u00bb1.6em\u00a0\u00bb tbl_chead_text_font=\u00a0\u00bb|700|||||||\u00a0\u00bb tbl_chead_text_font_size=\u00a0\u00bb16px\u00a0\u00bb tbl_chead_text_line_height=\u00a0\u00bb1.6em\u00a0\u00bb tbl_rhead_text_font=\u00a0\u00bb|700|||||||\u00a0\u00bb tbl_rhead_text_font_size=\u00a0\u00bb28px\u00a0\u00bb hover_enabled=\u00a0\u00bb0&Prime; tbl_title_font_size_tablet=\u00a0\u00bb20px\u00a0\u00bb tbl_title_font_size_phone=\u00a0\u00bb20px\u00a0\u00bb tbl_title_font_size_last_edited=\u00a0\u00bbon|phone\u00a0\u00bb tbl_chead_text_font_size_tablet=\u00a0\u00bb16px\u00a0\u00bb tbl_chead_text_font_size_phone=\u00a0\u00bb16px\u00a0\u00bb tbl_chead_text_font_size_last_edited=\u00a0\u00bbon|phone\u00a0\u00bb global_colors_info=\u00a0\u00bb{}\u00a0\u00bb sticky_enabled=\u00a0\u00bb0&Prime;][dvmd_table_maker_item col_label=\u00a0\u00bbNOMBRE COMERCIAL\u00a0\u00bb col_content=\u00a0\u00bbNOM COMMERCIAL<br \/>\nCHAPA AZUL\u00a0\u00bb col_column_max_width=\u00a0\u00bb1.7fr\u00a0\u00bb col_rhead_text_wrap=\u00a0\u00bbnormal\u00a0\u00bb _builder_version=\u00a0\u00bb4.27.4&Prime; _module_preset=\u00a0\u00bbdefault\u00a0\u00bb col_rhead_text_font=\u00a0\u00bb|800|||||||\u00a0\u00bb col_rhead_text_text_color=\u00a0\u00bb#000000&Prime; col_rhead_text_font_size=\u00a0\u00bb28px\u00a0\u00bb col_rhead_text_line_height=\u00a0\u00bb1em\u00a0\u00bb hover_enabled=\u00a0\u00bb0&Prime; border_width_all_col_rhead_cell_border=\u00a0\u00bb4px\u00a0\u00bb global_colors_info=\u00a0\u00bb{}\u00a0\u00bb sticky_enabled=\u00a0\u00bb0&Prime;][\/dvmd_table_maker_item][dvmd_table_maker_item col_label=\u00a0\u00bbUNE\u00a0\u00bb col_content=\u00a0\u00bbUNE  \u00a0\u00bb col_rhead_text_wrap=\u00a0\u00bbnormal\u00a0\u00bb _builder_version=\u00a0\u00bb4.27.4&Prime; _module_preset=\u00a0\u00bbdefault\u00a0\u00bb col_rhead_text_text_color=\u00a0\u00bb#000000&Prime; col_rhead_text_font_size=\u00a0\u00bb29px\u00a0\u00bb col_rhead_text_line_height=\u00a0\u00bb1em\u00a0\u00bb hover_enabled=\u00a0\u00bb0&Prime; border_width_all_col_rhead_cell_border=\u00a0\u00bb4px\u00a0\u00bb global_colors_info=\u00a0\u00bb{}\u00a0\u00bb sticky_enabled=\u00a0\u00bb0&Prime;][\/dvmd_table_maker_item][dvmd_table_maker_item col_label=\u00a0\u00bbW.Nr\u00a0\u00bb col_content=\u00a0\u00bbW.Nr<br \/>\n1.2018&Prime; col_rhead_text_wrap=\u00a0\u00bbnormal\u00a0\u00bb _builder_version=\u00a0\u00bb4.27.4&Prime; _module_preset=\u00a0\u00bbdefault\u00a0\u00bb col_rhead_text_text_color=\u00a0\u00bb#000000&Prime; col_rhead_text_font_size=\u00a0\u00bb29px\u00a0\u00bb col_rhead_text_line_height=\u00a0\u00bb1em\u00a0\u00bb hover_enabled=\u00a0\u00bb0&Prime; border_width_all_col_rhead_cell_border=\u00a0\u00bb4px\u00a0\u00bb global_colors_info=\u00a0\u00bb{}\u00a0\u00bb sticky_enabled=\u00a0\u00bb0&Prime;][\/dvmd_table_maker_item][dvmd_table_maker_item col_label=\u00a0\u00bbAFNOR\u00a0\u00bb col_content=\u00a0\u00bbAFNOR  \u00a0\u00bb col_rhead_text_wrap=\u00a0\u00bbnormal\u00a0\u00bb _builder_version=\u00a0\u00bb4.27.4&Prime; _module_preset=\u00a0\u00bbdefault\u00a0\u00bb col_rhead_text_text_color=\u00a0\u00bb#000000&Prime; col_rhead_text_font_size=\u00a0\u00bb29px\u00a0\u00bb col_rhead_text_line_height=\u00a0\u00bb1em\u00a0\u00bb border_width_all_col_rhead_cell_border=\u00a0\u00bb4px\u00a0\u00bb global_colors_info=\u00a0\u00bb{}\u00a0\u00bb][\/dvmd_table_maker_item][dvmd_table_maker_item col_label=\u00a0\u00bbDIN\u00a0\u00bb col_content=\u00a0\u00bbDIN<br \/>\n95Cr1&Prime; col_rhead_text_wrap=\u00a0\u00bbnormal\u00a0\u00bb _builder_version=\u00a0\u00bb4.27.4&Prime; _module_preset=\u00a0\u00bbdefault\u00a0\u00bb col_rhead_text_text_color=\u00a0\u00bb#000000&Prime; col_rhead_text_font_size=\u00a0\u00bb29px\u00a0\u00bb col_rhead_text_line_height=\u00a0\u00bb1em\u00a0\u00bb hover_enabled=\u00a0\u00bb0&Prime; border_width_all_col_rhead_cell_border=\u00a0\u00bb4px\u00a0\u00bb global_colors_info=\u00a0\u00bb{}\u00a0\u00bb sticky_enabled=\u00a0\u00bb0&Prime;][\/dvmd_table_maker_item][dvmd_table_maker_item col_label=\u00a0\u00bbAISI\u00a0\u00bb col_content=\u00a0\u00bbAISI  \u00a0\u00bb col_rhead_text_wrap=\u00a0\u00bbnormal\u00a0\u00bb _builder_version=\u00a0\u00bb4.27.4&Prime; _module_preset=\u00a0\u00bbdefault\u00a0\u00bb col_rhead_text_text_color=\u00a0\u00bb#000000&Prime; col_rhead_text_font_size=\u00a0\u00bb29px\u00a0\u00bb col_rhead_text_line_height=\u00a0\u00bb1em\u00a0\u00bb border_width_all_col_rhead_cell_border=\u00a0\u00bb4px\u00a0\u00bb global_colors_info=\u00a0\u00bb{}\u00a0\u00bb][\/dvmd_table_maker_item][\/dvmd_table_maker][\/et_pb_column][\/et_pb_row][et_pb_row _builder_version=\u00a0\u00bb4.27.4&Prime; _module_preset=\u00a0\u00bbdefault\u00a0\u00bb global_colors_info=\u00a0\u00bb{}\u00a0\u00bb][et_pb_column type=\u00a0\u00bb4_4&Prime; _builder_version=\u00a0\u00bb4.27.4&Prime; _module_preset=\u00a0\u00bbdefault\u00a0\u00bb global_colors_info=\u00a0\u00bb{}\u00a0\u00bb][dvmd_table_maker tbl_title_mode=\u00a0\u00bbon\u00a0\u00bb tbl_title_text=\u00a0\u00bbComposition Chimique:\u00a0\u00bb tbl_column_header_count=\u00a0\u00bb2&Prime; tbl_row_header_count=\u00a0\u00bb-1&Prime; tbl_row_footer_count=\u00a0\u00bb1&Prime; tbl_responsive_break_by=\u00a0\u00bbrow\u00a0\u00bb tbl_frame_gap_col=\u00a0\u00bb4px\u00a0\u00bb tbl_hover_active=\u00a0\u00bbhorz\u00a0\u00bb tbl_tcell_cell_align_horz=\u00a0\u00bbleft\u00a0\u00bb tbl_tcell_cell_padding=\u00a0\u00bb17px|15px|17px|15px|true|true\u00a0\u00bb tbl_chead_cell_color=\u00a0\u00bb#f5f8fa\u00a0\u00bb tbl_cfoot_cell_color=\u00a0\u00bbRGBA(255,255,255,0)\u00a0\u00bb tbl_rfoot_cell_color=\u00a0\u00bb#f5f8fa\u00a0\u00bb tbl_rhead_text_level_active=\u00a0\u00bbon\u00a0\u00bb tbl_tcell_cell_padding_tablet=\u00a0\u00bb12px||12px||true|true\u00a0\u00bb tbl_tcell_cell_padding_phone=\u00a0\u00bb8px|12px|8px|12px|true|true\u00a0\u00bb tbl_tcell_cell_padding_last_edited=\u00a0\u00bbon|phone\u00a0\u00bb _builder_version=\u00a0\u00bb4.27.4&Prime; _module_preset=\u00a0\u00bbdefault\u00a0\u00bb tbl_title_font_size=\u00a0\u00bb20px\u00a0\u00bb tbl_tcell_text_font=\u00a0\u00bb||||||||\u00a0\u00bb tbl_tcell_text_text_color=\u00a0\u00bb#000000&Prime; tbl_tcell_text_font_size=\u00a0\u00bb16px\u00a0\u00bb tbl_tcell_text_line_height=\u00a0\u00bb1.6em\u00a0\u00bb tbl_chead_text_font=\u00a0\u00bb|700|||||||\u00a0\u00bb tbl_chead_text_font_size=\u00a0\u00bb16px\u00a0\u00bb tbl_chead_text_line_height=\u00a0\u00bb1.6em\u00a0\u00bb tbl_rhead_text_font=\u00a0\u00bb|700|||||||\u00a0\u00bb tbl_rhead_text_font_size=\u00a0\u00bb28px\u00a0\u00bb hover_enabled=\u00a0\u00bb0&Prime; tbl_chead_text_font_size_tablet=\u00a0\u00bb16px\u00a0\u00bb tbl_chead_text_font_size_phone=\u00a0\u00bb16px\u00a0\u00bb tbl_chead_text_font_size_last_edited=\u00a0\u00bbon|phone\u00a0\u00bb global_colors_info=\u00a0\u00bb{}\u00a0\u00bb sticky_enabled=\u00a0\u00bb0&Prime;][dvmd_table_maker_item col_label=\u00a0\u00bbC\u00a0\u00bb col_content=\u00a0\u00bbC<br \/>\n0.95&Prime; col_rhead_text_wrap=\u00a0\u00bbnormal\u00a0\u00bb _builder_version=\u00a0\u00bb4.27.4&Prime; _module_preset=\u00a0\u00bbdefault\u00a0\u00bb col_rhead_text_font=\u00a0\u00bb|800|||||||\u00a0\u00bb col_rhead_text_text_color=\u00a0\u00bb#000000&Prime; col_rhead_text_font_size=\u00a0\u00bb28px\u00a0\u00bb col_rhead_text_line_height=\u00a0\u00bb1em\u00a0\u00bb hover_enabled=\u00a0\u00bb0&Prime; border_width_all_col_rhead_cell_border=\u00a0\u00bb4px\u00a0\u00bb global_colors_info=\u00a0\u00bb{}\u00a0\u00bb sticky_enabled=\u00a0\u00bb0&Prime;][\/dvmd_table_maker_item][dvmd_table_maker_item col_label=\u00a0\u00bbMn\u00a0\u00bb col_content=\u00a0\u00bbMn<br \/>\n0.25&Prime; col_rhead_text_wrap=\u00a0\u00bbnormal\u00a0\u00bb _builder_version=\u00a0\u00bb4.27.4&Prime; _module_preset=\u00a0\u00bbdefault\u00a0\u00bb col_rhead_text_text_color=\u00a0\u00bb#000000&Prime; col_rhead_text_font_size=\u00a0\u00bb29px\u00a0\u00bb col_rhead_text_line_height=\u00a0\u00bb1em\u00a0\u00bb hover_enabled=\u00a0\u00bb0&Prime; border_width_all_col_rhead_cell_border=\u00a0\u00bb4px\u00a0\u00bb global_colors_info=\u00a0\u00bb{}\u00a0\u00bb sticky_enabled=\u00a0\u00bb0&Prime;][\/dvmd_table_maker_item][dvmd_table_maker_item col_label=\u00a0\u00bbSi\u00a0\u00bb col_content=\u00a0\u00bbSi<br \/>\n0.15&Prime; col_rhead_text_wrap=\u00a0\u00bbnormal\u00a0\u00bb _builder_version=\u00a0\u00bb4.27.4&Prime; _module_preset=\u00a0\u00bbdefault\u00a0\u00bb col_rhead_text_text_color=\u00a0\u00bb#000000&Prime; col_rhead_text_font_size=\u00a0\u00bb29px\u00a0\u00bb col_rhead_text_line_height=\u00a0\u00bb1em\u00a0\u00bb hover_enabled=\u00a0\u00bb0&Prime; border_width_all_col_rhead_cell_border=\u00a0\u00bb4px\u00a0\u00bb global_colors_info=\u00a0\u00bb{}\u00a0\u00bb sticky_enabled=\u00a0\u00bb0&Prime;][\/dvmd_table_maker_item][dvmd_table_maker_item col_label=\u00a0\u00bbCr\u00a0\u00bb col_content=\u00a0\u00bbCr<br \/>\n0.35&Prime; col_rhead_text_wrap=\u00a0\u00bbnormal\u00a0\u00bb _builder_version=\u00a0\u00bb4.27.4&Prime; _module_preset=\u00a0\u00bbdefault\u00a0\u00bb col_rhead_text_text_color=\u00a0\u00bb#000000&Prime; col_rhead_text_font_size=\u00a0\u00bb29px\u00a0\u00bb col_rhead_text_line_height=\u00a0\u00bb1em\u00a0\u00bb hover_enabled=\u00a0\u00bb0&Prime; border_width_all_col_rhead_cell_border=\u00a0\u00bb4px\u00a0\u00bb global_colors_info=\u00a0\u00bb{}\u00a0\u00bb sticky_enabled=\u00a0\u00bb0&Prime;][\/dvmd_table_maker_item][dvmd_table_maker_item col_label=\u00a0\u00bbNi\u00a0\u00bb col_content=\u00a0\u00bbNi  \u00a0\u00bb col_rhead_text_wrap=\u00a0\u00bbnormal\u00a0\u00bb _builder_version=\u00a0\u00bb4.27.4&Prime; _module_preset=\u00a0\u00bbdefault\u00a0\u00bb col_rhead_text_text_color=\u00a0\u00bb#000000&Prime; col_rhead_text_font_size=\u00a0\u00bb29px\u00a0\u00bb col_rhead_text_line_height=\u00a0\u00bb1em\u00a0\u00bb hover_enabled=\u00a0\u00bb0&Prime; border_width_all_col_rhead_cell_border=\u00a0\u00bb4px\u00a0\u00bb global_colors_info=\u00a0\u00bb{}\u00a0\u00bb sticky_enabled=\u00a0\u00bb0&Prime;][\/dvmd_table_maker_item][dvmd_table_maker_item col_label=\u00a0\u00bbMo\u00a0\u00bb col_content=\u00a0\u00bbMo  \u00a0\u00bb col_rhead_text_wrap=\u00a0\u00bbnormal\u00a0\u00bb _builder_version=\u00a0\u00bb4.27.4&Prime; _module_preset=\u00a0\u00bbdefault\u00a0\u00bb col_rhead_text_text_color=\u00a0\u00bb#000000&Prime; col_rhead_text_font_size=\u00a0\u00bb29px\u00a0\u00bb col_rhead_text_line_height=\u00a0\u00bb1em\u00a0\u00bb border_width_all_col_rhead_cell_border=\u00a0\u00bb4px\u00a0\u00bb global_colors_info=\u00a0\u00bb{}\u00a0\u00bb][\/dvmd_table_maker_item][dvmd_table_maker_item col_label=\u00a0\u00bbV\u00a0\u00bb col_content=\u00a0\u00bbV  \u00a0\u00bb col_rhead_text_wrap=\u00a0\u00bbnormal\u00a0\u00bb _builder_version=\u00a0\u00bb4.27.4&Prime; _module_preset=\u00a0\u00bbdefault\u00a0\u00bb col_rhead_text_text_color=\u00a0\u00bb#000000&Prime; col_rhead_text_font_size=\u00a0\u00bb29px\u00a0\u00bb col_rhead_text_line_height=\u00a0\u00bb1em\u00a0\u00bb border_width_all_col_rhead_cell_border=\u00a0\u00bb4px\u00a0\u00bb global_colors_info=\u00a0\u00bb{}\u00a0\u00bb][\/dvmd_table_maker_item][dvmd_table_maker_item col_label=\u00a0\u00bbW\u00a0\u00bb col_content=\u00a0\u00bbW  \u00a0\u00bb col_rhead_text_wrap=\u00a0\u00bbnormal\u00a0\u00bb _builder_version=\u00a0\u00bb4.27.4&Prime; _module_preset=\u00a0\u00bbdefault\u00a0\u00bb col_rhead_text_text_color=\u00a0\u00bb#000000&Prime; col_rhead_text_font_size=\u00a0\u00bb29px\u00a0\u00bb col_rhead_text_line_height=\u00a0\u00bb1em\u00a0\u00bb border_width_all_col_rhead_cell_border=\u00a0\u00bb4px\u00a0\u00bb global_colors_info=\u00a0\u00bb{}\u00a0\u00bb][\/dvmd_table_maker_item][dvmd_table_maker_item col_label=\u00a0\u00bbOtros\u00a0\u00bb col_content=\u00a0\u00bbOtros  \u00a0\u00bb col_rhead_text_wrap=\u00a0\u00bbnormal\u00a0\u00bb _builder_version=\u00a0\u00bb4.27.4&Prime; _module_preset=\u00a0\u00bbdefault\u00a0\u00bb col_rhead_text_text_color=\u00a0\u00bb#000000&Prime; col_rhead_text_font_size=\u00a0\u00bb29px\u00a0\u00bb col_rhead_text_line_height=\u00a0\u00bb1em\u00a0\u00bb border_width_all_col_rhead_cell_border=\u00a0\u00bb4px\u00a0\u00bb global_colors_info=\u00a0\u00bb{}\u00a0\u00bb][\/dvmd_table_maker_item][\/dvmd_table_maker][\/et_pb_column][\/et_pb_row][et_pb_row column_structure=\u00a0\u00bb1_2,1_2&Prime; custom_padding_last_edited=\u00a0\u00bbon|phone\u00a0\u00bb _builder_version=\u00a0\u00bb4.27.4&Prime; _module_preset=\u00a0\u00bbdefault\u00a0\u00bb custom_margin_tablet=\u00a0\u00bb\u00a0\u00bb custom_margin_phone=\u00a0\u00bb0px||0px||true|false\u00a0\u00bb custom_margin_last_edited=\u00a0\u00bbon|phone\u00a0\u00bb custom_padding=\u00a0\u00bb||||true\u00a0\u00bb custom_padding_tablet=\u00a0\u00bb||||true\u00a0\u00bb custom_padding_phone=\u00a0\u00bb0px||0px||true|false\u00a0\u00bb global_colors_info=\u00a0\u00bb{}\u00a0\u00bb][et_pb_column type=\u00a0\u00bb1_2&Prime; _builder_version=\u00a0\u00bb4.27.4&Prime; _module_preset=\u00a0\u00bbdefault\u00a0\u00bb global_colors_info=\u00a0\u00bb{}\u00a0\u00bb][et_pb_heading title=\u00a0\u00bbDescription :\u00a0\u00bb _builder_version=\u00a0\u00bb4.27.4&Prime; _module_preset=\u00a0\u00bb15deba75-8103-4b41-8da8-bfb935dadf2c\u00a0\u00bb custom_margin_tablet=\u00a0\u00bb\u00a0\u00bb custom_margin_phone=\u00a0\u00bb0px||0px||true|false\u00a0\u00bb custom_margin_last_edited=\u00a0\u00bbon|phone\u00a0\u00bb custom_padding=\u00a0\u00bb0px||0px||true|false\u00a0\u00bb global_colors_info=\u00a0\u00bb{}\u00a0\u00bb][\/et_pb_heading][et_pb_text _builder_version=\u00a0\u00bb4.27.4&Prime; _module_preset=\u00a0\u00bbe08facc4-398e-4e72-87b5-bf93bc5491b4&Prime; text_font_size_tablet=\u00a0\u00bb\u00a0\u00bb text_font_size_phone=\u00a0\u00bb\u00a0\u00bb text_font_size_last_edited=\u00a0\u00bbon|phone\u00a0\u00bb global_colors_info=\u00a0\u00bb{}\u00a0\u00bb]<\/p>\n<ul>\n<li><span>T\u00f4le d\u2019acier au carbone.<\/span><\/li>\n<li><span> Lamin\u00e9e \u00e0 chaud. <\/span><\/li>\n<li><span>Normalis\u00e9e, d\u00e9cap\u00e9e.<\/span><\/li>\n<li><span>Bonne usinabilit\u00e9. <\/span><\/li>\n<li><span>\u00c9tat de livraison : revenu \u00e0 850-900 N\/mm\u00b2<\/span><\/li>\n<\/ul>\n<p>[\/et_pb_text][\/et_pb_column][et_pb_column type=\u00a0\u00bb1_2&Prime; _builder_version=\u00a0\u00bb4.27.4&Prime; _module_preset=\u00a0\u00bbdefault\u00a0\u00bb global_colors_info=\u00a0\u00bb{}\u00a0\u00bb][et_pb_heading title=\u00a0\u00bbApplications:\u00a0\u00bb _builder_version=\u00a0\u00bb4.27.4&Prime; _module_preset=\u00a0\u00bb15deba75-8103-4b41-8da8-bfb935dadf2c\u00a0\u00bb custom_margin_tablet=\u00a0\u00bb\u00a0\u00bb custom_margin_phone=\u00a0\u00bb0px||0px||true|false\u00a0\u00bb custom_margin_last_edited=\u00a0\u00bbon|phone\u00a0\u00bb custom_padding=\u00a0\u00bb0px||0px||true|false\u00a0\u00bb hover_enabled=\u00a0\u00bb0&Prime; global_colors_info=\u00a0\u00bb{}\u00a0\u00bb sticky_enabled=\u00a0\u00bb0&Prime;][\/et_pb_heading][et_pb_text _builder_version=\u00a0\u00bb4.27.4&Prime; _module_preset=\u00a0\u00bbe08facc4-398e-4e72-87b5-bf93bc5491b4&Prime; text_font_size_tablet=\u00a0\u00bb\u00a0\u00bb text_font_size_phone=\u00a0\u00bb\u00a0\u00bb text_font_size_last_edited=\u00a0\u00bbon|phone\u00a0\u00bb global_colors_info=\u00a0\u00bb{}\u00a0\u00bb]<\/p>\n<ul>\n<li><span>Appropri\u00e9e pour les plaques d\u2019appui, plaques de base, supports, jauges, calibres.<\/span><\/li>\n<li><span>Grande r\u00e9sistance \u00e0 l\u2019usure.<\/span><\/li>\n<\/ul>\n<p>[\/et_pb_text][\/et_pb_column][\/et_pb_row][et_pb_row make_equal=\u00a0\u00bbon\u00a0\u00bb custom_padding_last_edited=\u00a0\u00bbon|phone\u00a0\u00bb _builder_version=\u00a0\u00bb4.27.4&Prime; _module_preset=\u00a0\u00bbdefault\u00a0\u00bb custom_margin_tablet=\u00a0\u00bb\u00a0\u00bb custom_margin_phone=\u00a0\u00bb0px||0px||true|false\u00a0\u00bb custom_margin_last_edited=\u00a0\u00bbon|phone\u00a0\u00bb custom_padding=\u00a0\u00bb||||true\u00a0\u00bb custom_padding_tablet=\u00a0\u00bb||||true\u00a0\u00bb custom_padding_phone=\u00a0\u00bb0px||0px||true|false\u00a0\u00bb border_width_bottom=\u00a0\u00bb1px\u00a0\u00bb border_color_bottom=\u00a0\u00bbgcid-7ac71fca-d8d0-448d-9b31-949fbf26d931&Prime; global_colors_info=\u00a0\u00bb{%22gcid-7ac71fca-d8d0-448d-9b31-949fbf26d931%22:%91%22border_color_bottom%22%93}\u00a0\u00bb][et_pb_column type=\u00a0\u00bb4_4&Prime; _builder_version=\u00a0\u00bb4.27.4&Prime; _module_preset=\u00a0\u00bbdefault\u00a0\u00bb global_colors_info=\u00a0\u00bb{}\u00a0\u00bb][et_pb_blurb title=\u00a0\u00bbT\u00d4LE\u00a0\u00bb image=\u00a0\u00bbhttps:\/\/aceroscoac.com\/wp-content\/uploads\/2025\/04\/barra-rectificada-magnus-22.png\u00a0\u00bb icon_placement=\u00a0\u00bbtop\u00a0\u00bb image_icon_width=\u00a0\u00bb100%\u00a0\u00bb _builder_version=\u00a0\u00bb4.27.4&Prime; _module_preset=\u00a0\u00bbdefault\u00a0\u00bb header_font_size=\u00a0\u00bb16px\u00a0\u00bb custom_margin=\u00a0\u00bb50px||||false|false\u00a0\u00bb custom_margin_tablet=\u00a0\u00bb50px||||false|false\u00a0\u00bb custom_margin_phone=\u00a0\u00bb0px||0px||true|false\u00a0\u00bb custom_margin_last_edited=\u00a0\u00bbon|phone\u00a0\u00bb header_font_size_tablet=\u00a0\u00bb16px\u00a0\u00bb header_font_size_phone=\u00a0\u00bb\u00a0\u00bb header_font_size_last_edited=\u00a0\u00bbon|tablet\u00a0\u00bb custom_css_blurb_image=\u00a0\u00bbmargin-bottom:100px;\u00a0\u00bb global_colors_info=\u00a0\u00bb{}\u00a0\u00bb custom_css_blurb_image_last_edited=\u00a0\u00bbon|phone\u00a0\u00bb custom_css_blurb_image_tablet=\u00a0\u00bb \u00a0\u00bb custom_css_blurb_image_phone=\u00a0\u00bb \u00ab\u00a0][\/et_pb_blurb][\/et_pb_column][\/et_pb_row][\/et_pb_section][et_pb_section fb_built=\u00a0\u00bb1&Prime; _builder_version=\u00a0\u00bb4.27.4&Prime; _module_preset=\u00a0\u00bbdefault\u00a0\u00bb custom_padding=\u00a0\u00bb0px||||false|false\u00a0\u00bb global_colors_info=\u00a0\u00bb{}\u00a0\u00bb][et_pb_row _builder_version=\u00a0\u00bb4.27.4&Prime; _module_preset=\u00a0\u00bbdefault\u00a0\u00bb background_color=\u00a0\u00bbgcid-primary-color\u00a0\u00bb width_tablet=\u00a0\u00bb\u00a0\u00bb width_phone=\u00a0\u00bb90%\u00a0\u00bb width_last_edited=\u00a0\u00bbon|phone\u00a0\u00bb custom_padding=\u00a0\u00bb|35px||35px|false|true\u00a0\u00bb global_colors_info=\u00a0\u00bb{%22gcid-primary-color%22:%91%22background_color%22%93}\u00a0\u00bb width__hover_enabled=\u00a0\u00bboff|desktop\u00a0\u00bb][et_pb_column type=\u00a0\u00bb4_4&Prime; _builder_version=\u00a0\u00bb4.27.4&Prime; _module_preset=\u00a0\u00bbdefault\u00a0\u00bb global_colors_info=\u00a0\u00bb{}\u00a0\u00bb][et_pb_text _builder_version=\u00a0\u00bb4.27.4&Prime; _module_preset=\u00a0\u00bbdefault\u00a0\u00bb text_text_color=\u00a0\u00bb#FFFFFF\u00a0\u00bb header_3_text_color=\u00a0\u00bb#FFFFFF\u00a0\u00bb global_colors_info=\u00a0\u00bb{}\u00a0\u00bb]<\/p>\n<h3>Demander des informations<\/h3>\n<p><span>Contactez-nous pour plus d&rsquo;informations et de conseils sur l&rsquo;Accrom Plus W.Nr1.2379 ou toute autre qualit\u00e9 d&rsquo;acier. <\/span><\/p>\n<p>[\/et_pb_text][et_pb_button button_url=\u00a0\u00bbhttps:\/\/aceroscoac.com\/fr\/contact\/\u00a0\u00bb button_text=\u00a0\u00bbDemander des infos\u00a0\u00bb _builder_version=\u00a0\u00bb4.27.4&Prime; _module_preset=\u00a0\u00bbdefault\u00a0\u00bb button_text_color=\u00a0\u00bbgcid-primary-color\u00a0\u00bb button_bg_color=\u00a0\u00bb#FFFFFF\u00a0\u00bb button_border_radius=\u00a0\u00bb0px\u00a0\u00bb custom_padding=\u00a0\u00bb12px|24px|12px|24px|true|true\u00a0\u00bb global_colors_info=\u00a0\u00bb{%22gcid-primary-color%22:%91%22button_bg_color%22,%22button_text_color%22%93}\u00a0\u00bb][\/et_pb_button][\/et_pb_column][\/et_pb_row][\/et_pb_section]<\/p>\n","protected":false},"excerpt":{"rendered":"<p><div class=\"et_pb_module dvmd_table_maker dvmd_table_maker_0 dvmd_tm_version_3_1_2\">\n\t\t\t\t\n\t\t\t\t\n\t\t\t\t\n\t\t\t\t\n\t\t\t\t\n\t\t\t\t\n\t\t\t\t<div class=\"et_pb_module_inner\">\n\t\t\t\t\t<h2 id=\"dvmd_tm_title_0\" class=\"dvmd_tm_title\"> \u00c9quivalences:<\/h2>\n\t\t\t\t<\/div>\n\t\t\t<\/div><div class=\"dvmd_outer\">\n\t\t\t\t\n\t\t\t\t\n\t\t\t\t\n\t\t\t\t\n\t\t\t\t\n\t\t\t\t\n\t\t\t\t<div class=\"dvmd_inner\">\n\t\t\t\t\t\n\t\t\t\t<\/div>\n\t\t\t<\/div><\/p>\n","protected":false},"author":1,"featured_media":2338,"parent":2546,"menu_order":0,"comment_status":"closed","ping_status":"closed","template":"","meta":{"_et_pb_use_builder":"on","_et_pb_old_content":"","_et_gb_content_width":"","footnotes":""},"class_list":["post-2581","page","type-page","status-publish","has-post-thumbnail","hentry"],"_links":{"self":[{"href":"https:\/\/aceroscoac.com\/fr\/wp-json\/wp\/v2\/pages\/2581","targetHints":{"allow":["GET"]}}],"collection":[{"href":"https:\/\/aceroscoac.com\/fr\/wp-json\/wp\/v2\/pages"}],"about":[{"href":"https:\/\/aceroscoac.com\/fr\/wp-json\/wp\/v2\/types\/page"}],"author":[{"embeddable":true,"href":"https:\/\/aceroscoac.com\/fr\/wp-json\/wp\/v2\/users\/1"}],"replies":[{"embeddable":true,"href":"https:\/\/aceroscoac.com\/fr\/wp-json\/wp\/v2\/comments?post=2581"}],"version-history":[{"count":3,"href":"https:\/\/aceroscoac.com\/fr\/wp-json\/wp\/v2\/pages\/2581\/revisions"}],"predecessor-version":[{"id":3017,"href":"https:\/\/aceroscoac.com\/fr\/wp-json\/wp\/v2\/pages\/2581\/revisions\/3017"}],"up":[{"embeddable":true,"href":"https:\/\/aceroscoac.com\/fr\/wp-json\/wp\/v2\/pages\/2546"}],"wp:featuredmedia":[{"embeddable":true,"href":"https:\/\/aceroscoac.com\/fr\/wp-json\/wp\/v2\/media\/2338"}],"wp:attachment":[{"href":"https:\/\/aceroscoac.com\/fr\/wp-json\/wp\/v2\/media?parent=2581"}],"curies":[{"name":"wp","href":"https:\/\/api.w.org\/{rel}","templated":true}]}}