{"id":3770,"date":"2025-12-12T12:39:49","date_gmt":"2025-12-12T11:39:49","guid":{"rendered":"https:\/\/aceroscoac.com\/questions-frequemment-posees\/"},"modified":"2026-01-15T18:19:10","modified_gmt":"2026-01-15T17:19:10","slug":"questions-frequemment-posees","status":"publish","type":"page","link":"https:\/\/aceroscoac.com\/fr\/questions-frequemment-posees\/","title":{"rendered":"Questions fr\u00e9quemment pos\u00e9es"},"content":{"rendered":"<p>[et_pb_section fb_built=\u00a0\u00bb1&Prime; _builder_version=\u00a0\u00bb4.27.5&Prime; _module_preset=\u00a0\u00bbdefault\u00a0\u00bb global_colors_info=\u00a0\u00bb{}\u00a0\u00bb][et_pb_row _builder_version=\u00a0\u00bb4.27.5&Prime; _module_preset=\u00a0\u00bbdefault\u00a0\u00bb global_colors_info=\u00a0\u00bb{}\u00a0\u00bb][et_pb_column type=\u00a0\u00bb4_4&Prime; _builder_version=\u00a0\u00bb4.27.5&Prime; _module_preset=\u00a0\u00bbdefault\u00a0\u00bb global_colors_info=\u00a0\u00bb{}\u00a0\u00bb][dipl_faq_page_schema title=\u00a0\u00bbFoire aux questions (FAQ)\u00a0\u00bb closed_toggle_icon=\u00a0\u00bb&#x43;||divi||400&Prime; closed_icon_color=\u00a0\u00bbgcid-primary-color\u00a0\u00bb open_toggle_icon=\u00a0\u00bb&#x42;||divi||400&Prime; open_icon_color=\u00a0\u00bbgcid-primary-color\u00a0\u00bb open_use_icon_font_size=\u00a0\u00bbon\u00a0\u00bb open_icon_font_size=\u00a0\u00bb25px\u00a0\u00bb _builder_version=\u00a0\u00bb4.27.5&Prime; _module_preset=\u00a0\u00bbdefault\u00a0\u00bb global_colors_info=\u00a0\u00bb{%22gcid-primary-color%22:%91%22closed_icon_color%22,%22open_icon_color%22%93}\u00a0\u00bb][dipl_faq_page_schema_item faq_question=\u00a0\u00bbQuels types d&rsquo;aciers proposez-vous ?\u00a0\u00bb _builder_version=\u00a0\u00bb4.27.5&Prime; _module_preset=\u00a0\u00bbdefault\u00a0\u00bb global_colors_info=\u00a0\u00bb{}\u00a0\u00bb]<\/p>\n<p><span>Nous travaillons <\/span><span data-markjs=\"true\" class=\"outlook-search-highlight\">aciers<\/span><span> acier de construction, acier au carbone, <\/span><span data-markjs=\"true\" class=\"outlook-search-highlight\">aciers<\/span><span> aciers \u00e0 outils, travail \u00e0 froid, travail \u00e0 chaud, <\/span><span data-markjs=\"true\" class=\"outlook-search-highlight\">aciers<\/span><span> aciers de c\u00e9mentation, aciers \u00e0 l&rsquo;argent, <\/span><span data-markjs=\"true\" class=\"outlook-search-highlight\">aciers<\/span><span> pour moules en plastique, zamat, aluminium et fonte, <\/span><span data-markjs=\"true\" class=\"outlook-search-highlight\">aciers<\/span><span> pour l&rsquo;estampage \u00e0 chaud et nous travaillons \u00e9galement avec <\/span><span data-markjs=\"true\" class=\"outlook-search-highlight\">aciers<\/span><span> inoxydables martensitiques pour les secteurs de l&rsquo;automobile et de l&rsquo;agroalimentaire lorsque les mat\u00e9riaux requi\u00e8rent une certaine duret\u00e9.<\/span><\/p>\n<p>[\/dipl_faq_page_schema_item][dipl_faq_page_schema_item faq_question=\u00a0\u00bbVendez-vous aussi bien aux entreprises qu&rsquo;aux particuliers ?\u00a0\u00bb _builder_version=\u00a0\u00bb4.27.5&Prime; _module_preset=\u00a0\u00bbdefault\u00a0\u00bb global_colors_info=\u00a0\u00bb{}\u00a0\u00bb]<\/p>\n<p><span>Oui, m\u00eame si 99 % de nos clients sont des entreprises industrielles.<\/span><\/p>\n<p>[\/dipl_faq_page_schema_item][dipl_faq_page_schema_item faq_question=\u00a0\u00bbAcceptez-vous \u00e9galement les commandes de professionnels ind\u00e9pendants ?\u00a0\u00bb _builder_version=\u00a0\u00bb4.27.5&Prime; _module_preset=\u00a0\u00bbdefault\u00a0\u00bb global_colors_info=\u00a0\u00bb{}\u00a0\u00bb]<\/p>\n<p>Non<\/p>\n<p>[\/dipl_faq_page_schema_item][dipl_faq_page_schema_item faq_question=\u00a0\u00bbR\u00e9alisez-vous des d\u00e9coupes sur mesure ?\u00a0\u00bb _builder_version=\u00a0\u00bb4.27.5&Prime; _module_preset=\u00a0\u00bbdefault\u00a0\u00bb global_colors_info=\u00a0\u00bb{}\u00a0\u00bb]<\/p>\n<p><span>Oui, notre service de coupe \u00e0 longueur se caract\u00e9rise par le fait que nous proposons des coupes parall\u00e8les et que nous ajustons notre coupe au plus pr\u00e8s des mesures demand\u00e9es par nos clients, ce qui permet d&rsquo;\u00e9viter les exc\u00e9dents de mati\u00e8re et les travaux d&rsquo;usinage ult\u00e9rieurs et de r\u00e9aliser des \u00e9conomies. <\/span><\/p>\n<p>[\/dipl_faq_page_schema_item][dipl_faq_page_schema_item faq_question=\u00a0\u00bbComment puis-je demander un devis ?\u00a0\u00bb _builder_version=\u00a0\u00bb4.27.5&Prime; _module_preset=\u00a0\u00bbdefault\u00a0\u00bb global_colors_info=\u00a0\u00bb{}\u00a0\u00bb]<\/p>\n<p><span>Vous pouvez demander un devis par courriel <\/span><a href=\"mailto:coac@aceroscoac.com\" target=\"_blank\" rel=\"noopener\"><b>c<span data-markjs=\"true\" class=\"outlook-search-highlight\">oac@ace<\/span>roscoac.om<\/b><\/a><span>par t\u00e9l\u00e9phone<a href=\"mailto:coac@aceroscoac.com\" target=\"_blank\" rel=\"noopener\"> et<\/a> \u00e9galement via notre site web <\/span><a href=\"http:\/\/www.aceroscoac.com\" class=\"ms-outlook-linkify\">w<span data-markjs=\"true\" class=\"outlook-search-highlight\">ww.acer<\/span>oscoac.com<\/a><span>.<\/span><\/p>\n<p>[\/dipl_faq_page_schema_item][dipl_faq_page_schema_item faq_question=\u00a0\u00bbAvez-vous un stock permanent ?\u00a0\u00bb _builder_version=\u00a0\u00bb4.27.5&Prime; _module_preset=\u00a0\u00bbdefault\u00a0\u00bb global_colors_info=\u00a0\u00bb{}\u00a0\u00bb]<\/p>\n<p><span>Oui, nous disposons d&rsquo;un des stocks les plus importants du march\u00e9 national dans les domaines suivants <\/span><span data-markjs=\"true\" class=\"outlook-search-highlight\">Aciers<\/span><span> Sp\u00e9cificit\u00e9s. Avec notre vari\u00e9t\u00e9 de scies et notre \u00e9quipe de magasiniers soucieux des livraisons, nous sommes en mesure de vous offrir une large gamme de produits. <\/span><i>juste \u00e0 temps<\/i><span>Nous garantissons la disponibilit\u00e9 imm\u00e9diate et la continuit\u00e9 de l&rsquo;approvisionnement et veillons \u00e0 ce que nos clients puissent maintenir leur production sans heurts.<\/span><\/p>\n<p>[\/dipl_faq_page_schema_item][dipl_faq_page_schema_item faq_question=\u00a0\u00bbEnvoyez-vous du mat\u00e9riel dans toute l&rsquo;Espagne et la France ?\u00a0\u00bb _builder_version=\u00a0\u00bb4.27.5&Prime; _module_preset=\u00a0\u00bbdefault\u00a0\u00bb global_colors_info=\u00a0\u00bb{}\u00a0\u00bb]<\/p>\n<p><span>Oui, nous travaillons avec l&rsquo;Espagne, la France et le Portugal. <\/span><\/p>\n<p>[\/dipl_faq_page_schema_item][dipl_faq_page_schema_item faq_question=\u00a0\u00bbPuis-je b\u00e9n\u00e9ficier d&rsquo;un conseil technique ?\u00a0\u00bb _builder_version=\u00a0\u00bb4.27.5&Prime; _module_preset=\u00a0\u00bbdefault\u00a0\u00bb global_colors_info=\u00a0\u00bb{}\u00a0\u00bb]<\/p>\n<p><span>Bien entendu. Notre service technique vous aidera \u00e0 choisir la nuance d&rsquo;acier la mieux adapt\u00e9e \u00e0 votre application. <\/span><\/p>\n<p>[\/dipl_faq_page_schema_item][dipl_faq_page_schema_item faq_question=\u00a0\u00bbAcceptez-vous les commandes urgentes ?\u00a0\u00bb _builder_version=\u00a0\u00bb4.27.5&Prime; _module_preset=\u00a0\u00bbdefault\u00a0\u00bb global_colors_info=\u00a0\u00bb{}\u00a0\u00bb]<\/p>\n<p><span>Oui, c&rsquo;est une de nos sp\u00e9cialit\u00e9s.<\/span><\/p>\n<p>[\/dipl_faq_page_schema_item][dipl_faq_page_schema_item faq_question=\u00a0\u00bbFournissez-vous des certificats de qualit\u00e9 ?\u00a0\u00bb _builder_version=\u00a0\u00bb4.27.5&Prime; _module_preset=\u00a0\u00bbdefault\u00a0\u00bb global_colors_info=\u00a0\u00bb{}\u00a0\u00bb]<\/p>\n<p><span>Oui, nous d\u00e9livrons des certificats de qualit\u00e9 <\/span><b>3.1<\/b><span> conform\u00e9ment \u00e0 la norme EN 10204, une exigence de plus en plus demand\u00e9e par nos clients. Ces certificats garantissent la tra\u00e7abilit\u00e9 du mat\u00e9riau et la v\u00e9racit\u00e9 de ses propri\u00e9t\u00e9s m\u00e9caniques et chimiques. <\/span><\/p>\n<p>[\/dipl_faq_page_schema_item][dipl_faq_page_schema_item faq_question=\u00a0\u00bbQuels sont vos d\u00e9lais de livraison ?\u00a0\u00bb _builder_version=\u00a0\u00bb4.27.5&Prime; _module_preset=\u00a0\u00bbdefault\u00a0\u00bb global_colors_info=\u00a0\u00bb{}\u00a0\u00bb]<\/p>\n<p><span>Livraison dans les 24-48 heures (heure limite).<\/span><\/p>\n<p>[\/dipl_faq_page_schema_item][dipl_faq_page_schema_item faq_question=\u00a0\u00bbPuis-je venir chercher le mat\u00e9riel dans vos locaux ?\u00a0\u00bb _builder_version=\u00a0\u00bb4.27.5&Prime; _module_preset=\u00a0\u00bbdefault\u00a0\u00bb global_colors_info=\u00a0\u00bb{}\u00a0\u00bb]<\/p>\n<p><span>Oui, le client peut venir chercher le mat\u00e9riel directement dans nos locaux, apr\u00e8s coordination avec le bureau pour pr\u00e9parer le chargement et assurer une livraison efficace sans temps d&rsquo;attente. <\/span><\/p>\n<p>[\/dipl_faq_page_schema_item][dipl_faq_page_schema_item faq_question=\u00a0\u00bbOffrez-vous des remises sur volume ?\u00a0\u00bb _builder_version=\u00a0\u00bb4.27.5&Prime; _module_preset=\u00a0\u00bbdefault\u00a0\u00bb global_colors_info=\u00a0\u00bb{}\u00a0\u00bb]<\/p>\n<p><span>Les remises sur volume sont analys\u00e9es individuellement en fonction de chaque op\u00e9ration. Les aspects techniques, les quantit\u00e9s, la p\u00e9riodicit\u00e9 et les conditions logistiques sont \u00e9valu\u00e9s afin d&rsquo;\u00e9tablir une proposition adapt\u00e9e aux besoins du client. <\/span><\/p>\n<p>[\/dipl_faq_page_schema_item][\/dipl_faq_page_schema][\/et_pb_column][\/et_pb_row][et_pb_row column_structure=\u00a0\u00bb1_2,1_2&Prime; custom_padding_last_edited=\u00a0\u00bbon|phone\u00a0\u00bb _builder_version=\u00a0\u00bb4.27.5&Prime; _module_preset=\u00a0\u00bbdefault\u00a0\u00bb custom_margin=\u00a0\u00bb25px||||false|false\u00a0\u00bb custom_margin_tablet=\u00a0\u00bb0px||||false|false\u00a0\u00bb custom_margin_phone=\u00a0\u00bb\u00a0\u00bb custom_margin_last_edited=\u00a0\u00bbon|phone\u00a0\u00bb custom_padding=\u00a0\u00bb0px||0px||true|false\u00a0\u00bb custom_padding_tablet=\u00a0\u00bb\u00a0\u00bb custom_padding_phone=\u00a0\u00bb\u00a0\u00bb global_colors_info=\u00a0\u00bb{}\u00a0\u00bb][et_pb_column type=\u00a0\u00bb1_2&Prime; _builder_version=\u00a0\u00bb4.27.5&Prime; _module_preset=\u00a0\u00bbdefault\u00a0\u00bb global_colors_info=\u00a0\u00bb{}\u00a0\u00bb][et_pb_button button_url=\u00a0\u00bbhttps:\/\/aceroscoac.com\/wp-content\/uploads\/2025\/12\/CATALOGO-PDF.pdf\u00a0\u00bb url_new_window=\u00a0\u00bbon\u00a0\u00bb button_text=\u00a0\u00bbCATALOGUE DE PRODUITS\u00a0\u00bb disabled_on=\u00a0\u00bboff|off|off\u00a0\u00bb _builder_version=\u00a0\u00bb4.27.5&Prime; _module_preset=\u00a0\u00bb68d50d07-f7c7-4f7f-bcbe-c15509519316&Prime; button_text_color=\u00a0\u00bb#FFFFFF\u00a0\u00bb button_icon=\u00a0\u00bb&#xf019;||fa||900&Prime; button_on_hover=\u00a0\u00bboff\u00a0\u00bb custom_padding=\u00a0\u00bb14px|48px|14px|36px|true|false\u00a0\u00bb custom_padding_tablet=\u00a0\u00bb14px|29px|14px|29px|true|true\u00a0\u00bb custom_padding_phone=\u00a0\u00bb\u00a0\u00bb custom_padding_last_edited=\u00a0\u00bbon|phone\u00a0\u00bb global_colors_info=\u00a0\u00bb{%22gcid-primary-color%22:%91%22button_bg_color%22,%22button_bg_color%22%93}\u00a0\u00bb][\/et_pb_button][et_pb_button button_url=\u00a0\u00bbhttps:\/\/aceroscoac.com\/fr\/certificats\/\u00a0\u00bb url_new_window=\u00a0\u00bbon\u00a0\u00bb button_text=\u00a0\u00bbCERTIFICATS\u00a0\u00bb disabled_on=\u00a0\u00bboff|off|off\u00a0\u00bb _builder_version=\u00a0\u00bb4.27.5&Prime; _module_preset=\u00a0\u00bb68d50d07-f7c7-4f7f-bcbe-c15509519316&Prime; button_text_color=\u00a0\u00bb#FFFFFF\u00a0\u00bb button_icon=\u00a0\u00bb&#xf019;||fa||900&Prime; button_on_hover=\u00a0\u00bboff\u00a0\u00bb custom_padding=\u00a0\u00bb14px|48px|14px|36px|true|false\u00a0\u00bb custom_padding_tablet=\u00a0\u00bb14px|29px|14px|29px|true|true\u00a0\u00bb custom_padding_phone=\u00a0\u00bb\u00a0\u00bb custom_padding_last_edited=\u00a0\u00bbon|phone\u00a0\u00bb global_colors_info=\u00a0\u00bb{%22gcid-primary-color%22:%91%22button_bg_color%22,%22button_bg_color%22,%22button_bg_color%22,%22button_bg_color%22,%22button_bg_color%22,%22button_bg_color%22%93}\u00a0\u00bb][\/et_pb_button][\/et_pb_column][et_pb_column type=\u00a0\u00bb1_2&Prime; _builder_version=\u00a0\u00bb4.27.5&Prime; _module_preset=\u00a0\u00bbdefault\u00a0\u00bb global_colors_info=\u00a0\u00bb{}\u00a0\u00bb][\/et_pb_column][\/et_pb_row][\/et_pb_section]<\/p>\n","protected":false},"excerpt":{"rendered":"<p><div class=\"et_pb_module dipl_faq_page_schema dipl_faq_page_schema_0\">\n\t\t\t\t<div class=\"dipl_faq_title\"><h2>Foire aux questions (FAQ)<\/h2><\/div><div class=\"dipl_faq_wrapper dipl_faq_accordion dipl_faq_col_1 \" itemscope itemtype=\"https:\/\/schema.org\/FAQPage\"><\/div>\n\t\t\t<\/div><div class=\"et_pb_module dipl_faq_page_schema_item dipl_faq_page_schema_item_0\">\n\t\t\t\t<div class=\"dipl_faq_item_wrapper\" itemscope itemprop=\"mainEntity\" itemtype=\"https:\/\/schema.org\/Question\">\n                <div class=\"dipl_question_wrapper\"><h4 itemprop=\"name\">Quels types d&#039;aciers proposez-vous ?<\/h4><\/div>\n                \n            <\/div>\n\t\t\t<\/div>Nous travaillons aciers acier de construction, acier au carbone, aciers aciers \u00e0 outils, travail \u00e0 froid, travail \u00e0 chaud, aciers aciers de c\u00e9mentation, aciers \u00e0 l&rsquo;argent, aciers pour moules en plastique, zamat, aluminium et [&hellip;]<\/p>\n","protected":false},"author":1,"featured_media":0,"parent":0,"menu_order":0,"comment_status":"closed","ping_status":"closed","template":"","meta":{"_et_pb_use_builder":"on","_et_pb_old_content":"","_et_gb_content_width":"","footnotes":""},"class_list":["post-3770","page","type-page","status-publish","hentry"],"_links":{"self":[{"href":"https:\/\/aceroscoac.com\/fr\/wp-json\/wp\/v2\/pages\/3770","targetHints":{"allow":["GET"]}}],"collection":[{"href":"https:\/\/aceroscoac.com\/fr\/wp-json\/wp\/v2\/pages"}],"about":[{"href":"https:\/\/aceroscoac.com\/fr\/wp-json\/wp\/v2\/types\/page"}],"author":[{"embeddable":true,"href":"https:\/\/aceroscoac.com\/fr\/wp-json\/wp\/v2\/users\/1"}],"replies":[{"embeddable":true,"href":"https:\/\/aceroscoac.com\/fr\/wp-json\/wp\/v2\/comments?post=3770"}],"version-history":[{"count":4,"href":"https:\/\/aceroscoac.com\/fr\/wp-json\/wp\/v2\/pages\/3770\/revisions"}],"predecessor-version":[{"id":3775,"href":"https:\/\/aceroscoac.com\/fr\/wp-json\/wp\/v2\/pages\/3770\/revisions\/3775"}],"wp:attachment":[{"href":"https:\/\/aceroscoac.com\/fr\/wp-json\/wp\/v2\/media?parent=3770"}],"curies":[{"name":"wp","href":"https:\/\/api.w.org\/{rel}","templated":true}]}}