{"id":3902,"date":"2026-02-17T19:57:05","date_gmt":"2026-02-17T18:57:05","guid":{"rendered":"https:\/\/aceroscoac.com\/nuances-dacier\/aciers-rapidos\/"},"modified":"2026-02-17T20:13:45","modified_gmt":"2026-02-17T19:13:45","slug":"aciers-rapides","status":"publish","type":"page","link":"https:\/\/aceroscoac.com\/fr\/nuances-dacier\/aciers-rapides\/","title":{"rendered":"Aciers Rapides"},"content":{"rendered":"<p>[et_pb_section fb_built=\u00a0\u00bb1&Prime; admin_label=\u00a0\u00bbHeader\u00a0\u00bb _builder_version=\u00a0\u00bb4.27.4&Prime; _module_preset=\u00a0\u00bb6234cc3d-b6f8-400b-b428-098eb18d4048&Prime; background_color=\u00a0\u00bbgcid-primary-color\u00a0\u00bb use_background_color_gradient=\u00a0\u00bboff\u00a0\u00bb background_enable_image=\u00a0\u00bboff\u00a0\u00bb parallax=\u00a0\u00bbon\u00a0\u00bb background_enable_video_mp4=\u00a0\u00bboff\u00a0\u00bb custom_padding=\u00a0\u00bb2vw||2vw||true|false\u00a0\u00bb collapsed=\u00a0\u00bboff\u00a0\u00bb global_colors_info=\u00a0\u00bb{%22gcid-primary-color%22:%91%22background_color_gradient_stops%22,%22quote_text_color%22,%22background_color%22%93}\u00a0\u00bb][et_pb_row _builder_version=\u00a0\u00bb4.27.4&Prime; _module_preset=\u00a0\u00bbdefault\u00a0\u00bb background_enable_color=\u00a0\u00bboff\u00a0\u00bb custom_padding=\u00a0\u00bb20px|20px|20px|20px|true|true\u00a0\u00bb global_colors_info=\u00a0\u00bb{}\u00a0\u00bb][et_pb_column type=\u00a0\u00bb4_4&Prime; _builder_version=\u00a0\u00bb4.27.0&Prime; _module_preset=\u00a0\u00bbdefault\u00a0\u00bb global_colors_info=\u00a0\u00bb{}\u00a0\u00bb][et_pb_heading title=\u00a0\u00bb@ET-DC@eyJkeW5hbWljIjp0cnVlLCJjb250ZW50IjoicG9zdF90aXRsZSIsInNldHRpbmdzIjp7ImJlZm9yZSI6IiIsImFmdGVyIjoiIn19@\u00a0\u00bb _builder_version=\u00a0\u00bb4.27.4&Prime; _dynamic_attributes=\u00a0\u00bbtitle\u00a0\u00bb _module_preset=\u00a0\u00bb85bb96a3-ef78-46ce-aab0-1e7393bf0748&Prime; title_text_color=\u00a0\u00bb#FFFFFF\u00a0\u00bb custom_margin=\u00a0\u00bb||10px||false|false\u00a0\u00bb global_colors_info=\u00a0\u00bb{}\u00a0\u00bb][\/et_pb_heading][et_pb_heading title=\u00a0\u00bbEN STOCK EN MOINS DE 48 HEURES\u00a0\u00bb _builder_version=\u00a0\u00bb4.27.4&Prime; _module_preset=\u00a0\u00bbeb37210b-8edd-4727-970a-25cfc5e0f17b\u00a0\u00bb title_text_color=\u00a0\u00bb#FFFFFF\u00a0\u00bb global_colors_info=\u00a0\u00bb{}\u00a0\u00bb][\/et_pb_heading][\/et_pb_column][\/et_pb_row][\/et_pb_section][et_pb_section fb_built=\u00a0\u00bb1&Prime; _builder_version=\u00a0\u00bb4.27.4&Prime; _module_preset=\u00a0\u00bbdefault\u00a0\u00bb global_colors_info=\u00a0\u00bb{}\u00a0\u00bb][et_pb_row _builder_version=\u00a0\u00bb4.27.4&Prime; _module_preset=\u00a0\u00bbdefault\u00a0\u00bb global_colors_info=\u00a0\u00bb{}\u00a0\u00bb][et_pb_column type=\u00a0\u00bb4_4&Prime; _builder_version=\u00a0\u00bb4.27.4&Prime; _module_preset=\u00a0\u00bbdefault\u00a0\u00bb global_colors_info=\u00a0\u00bb{}\u00a0\u00bb][et_pb_heading title=\u00a0\u00bbQue sont les aciers rapides ?\u00a0\u00bb _builder_version=\u00a0\u00bb4.27.4&Prime; _module_preset=\u00a0\u00bbdefault\u00a0\u00bb global_colors_info=\u00a0\u00bb{}\u00a0\u00bb][\/et_pb_heading][et_pb_text _builder_version=\u00a0\u00bb4.27.4&Prime; _module_preset=\u00a0\u00bbdefault\u00a0\u00bb global_colors_info=\u00a0\u00bb{}\u00a0\u00bb]<\/p>\n<blockquote>\n<p class=\"p1\">Les aciers rapides ou High Speed Steels (HSS) sont des aciers pour outils con\u00e7us pour maintenir la duret\u00e9 et le tranchant m\u00eame \u00e0 des temp\u00e9ratures de 500 \u00e0 600 \u00b0C, gr\u00e2ce \u00e0 leur r\u00e9sistance au rouge. Cela leur permet de couper des m\u00e9taux \u00e0 grande vitesse sans perdre en efficacit\u00e9, contrairement aux aciers de travail \u00e0 froid. Leur composition comprend des teneurs \u00e9lev\u00e9es en tungst\u00e8ne ou en molybd\u00e8ne (duret\u00e9 \u00e0 chaud), en vanadium (r\u00e9sistance \u00e0 l&rsquo;usure), en chrome (trempabilit\u00e9) et, dans certains cas, en cobalt (stabilit\u00e9 thermique), avec un carbone proche de 1 %. Ils atteignent des duret\u00e9s de 62 \u00e0 66 HRC et pr\u00e9sentent une excellente r\u00e9sistance \u00e0 l&rsquo;usure et une bonne t\u00e9nacit\u00e9. L&rsquo;acier le plus repr\u00e9sentatif est le 1.3343 (M2), en raison de son \u00e9quilibre entre propri\u00e9t\u00e9s et co\u00fbt. Les HSS sont utilis\u00e9s dans la fabrication de forets, de fraises, de scies, d&rsquo;al\u00e9soirs, de tarauds et de lames industrielles, et sont essentiels pour l&rsquo;usinage moderne o\u00f9 l&rsquo;on recherche la productivit\u00e9, la pr\u00e9cision et une longue dur\u00e9e de vie de l&rsquo;outil.     <\/p>\n<\/blockquote>\n<p>[\/et_pb_text][et_pb_blurb title=\u00a0\u00bbAcier ACPR 23N W.Nr: 1.3343&Prime; url=\u00a0\u00bbhttps:\/\/aceroscoac.com\/aceros\/acero-acpr-23n-w-nr-1-3343\/\u00a0\u00bb image=\u00a0\u00bbhttps:\/\/aceroscoac.com\/wp-content\/uploads\/2025\/05\/acpr23-1536&#215;377-1.webp\u00a0\u00bb icon_placement=\u00a0\u00bbtop\u00a0\u00bb image_icon_width=\u00a0\u00bb131%\u00a0\u00bb _builder_version=\u00a0\u00bb4.27.5&Prime; _module_preset=\u00a0\u00bbdefault\u00a0\u00bb header_font=\u00a0\u00bb|||on|||||\u00a0\u00bb image_icon_custom_padding=\u00a0\u00bb0px||||false|false\u00a0\u00bb hover_enabled=\u00a0\u00bb0&Prime; global_colors_info=\u00a0\u00bb{}\u00a0\u00bb sticky_enabled=\u00a0\u00bb0&Prime;][\/et_pb_blurb][\/et_pb_column][\/et_pb_row][\/et_pb_section][et_pb_section fb_built=\u00a0\u00bb1&Prime; admin_label=\u00a0\u00bbHeader\u00a0\u00bb _builder_version=\u00a0\u00bb4.27.4&Prime; _module_preset=\u00a0\u00bb6234cc3d-b6f8-400b-b428-098eb18d4048&Prime; background_image=\u00a0\u00bbhttps:\/\/aceroscoac.com\/wp-content\/uploads\/2025\/04\/clasificacion-de-los-grados-de-acero-scaled.jpg\u00a0\u00bb background_position=\u00a0\u00bbbottom_left\u00a0\u00bb background_enable_video_mp4=\u00a0\u00bboff\u00a0\u00bb custom_padding=\u00a0\u00bb2vw||2vw||true|false\u00a0\u00bb collapsed=\u00a0\u00bboff\u00a0\u00bb global_colors_info=\u00a0\u00bb{%22gcid-primary-color%22:%91%22background_color_gradient_stops%22,%22quote_text_color%22%93}\u00a0\u00bb][et_pb_row _builder_version=\u00a0\u00bb4.27.4&Prime; _module_preset=\u00a0\u00bbdefault\u00a0\u00bb background_enable_color=\u00a0\u00bboff\u00a0\u00bb custom_padding=\u00a0\u00bb20px|20px|20px|20px|true|true\u00a0\u00bb global_colors_info=\u00a0\u00bb{}\u00a0\u00bb][et_pb_column type=\u00a0\u00bb4_4&Prime; _builder_version=\u00a0\u00bb4.27.0&Prime; _module_preset=\u00a0\u00bbdefault\u00a0\u00bb global_colors_info=\u00a0\u00bb{}\u00a0\u00bb][et_pb_heading title=\u00a0\u00bbComment les nuances d&rsquo;acier sont-elles class\u00e9es ?\u00a0\u00bb _builder_version=\u00a0\u00bb4.27.4&Prime; _module_preset=\u00a0\u00bb85bb96a3-ef78-46ce-aab0-1e7393bf0748&Prime; title_level=\u00a0\u00bbh2&Prime; title_text_color=\u00a0\u00bb#FFFFFF\u00a0\u00bb custom_margin=\u00a0\u00bb||10px||false|false\u00a0\u00bb global_colors_info=\u00a0\u00bb{}\u00a0\u00bb][\/et_pb_heading][\/et_pb_column][\/et_pb_row][\/et_pb_section][et_pb_section fb_built=\u00a0\u00bb1&Prime; _builder_version=\u00a0\u00bb4.27.4&Prime; _module_preset=\u00a0\u00bbdefault\u00a0\u00bb global_module=\u00a0\u00bb3096&Prime; global_colors_info=\u00a0\u00bb{}\u00a0\u00bb][et_pb_row column_structure=\u00a0\u00bb1_2,1_2&Prime; _builder_version=\u00a0\u00bb4.27.4&Prime; _module_preset=\u00a0\u00bbdefault\u00a0\u00bb global_colors_info=\u00a0\u00bb{}\u00a0\u00bb][et_pb_column type=\u00a0\u00bb1_2&Prime; _builder_version=\u00a0\u00bb4.27.4&Prime; _module_preset=\u00a0\u00bbdefault\u00a0\u00bb global_colors_info=\u00a0\u00bb{}\u00a0\u00bb][et_pb_text _builder_version=\u00a0\u00bb4.27.4&Prime; _module_preset=\u00a0\u00bbdefault\u00a0\u00bb global_colors_info=\u00a0\u00bb{}\u00a0\u00bb]<\/p>\n<p data-start=\"222\" data-end=\"457\" class=\"\">Pour classer correctement les diff\u00e9rents types et nuances d&rsquo;acier, il est essentiel de tenir compte \u00e0 la fois de leur <strong data-start=\"326\" data-end=\"355\">composition et de leurs propri\u00e9t\u00e9s<\/strong>, des <strong data-start=\"365\" data-end=\"388\">normes europ\u00e9ennes<\/strong> applicables et des <strong data-start=\"406\" data-end=\"443\">exigences techniques de l&rsquo;utilisation finale<\/strong> du mat\u00e9riau.<\/p>\n<p data-start=\"459\" data-end=\"779\" class=\"\">Une m\u00eame nuance d&rsquo;acier peut pr\u00e9senter des <strong data-start=\"499\" data-end=\"538\">variantes avec des propri\u00e9t\u00e9s diff\u00e9rentes<\/strong>, en fonction du type d&rsquo;alliage, du processus de fabrication ou des traitements thermiques et m\u00e9caniques appliqu\u00e9s. C&rsquo;est pourquoi les aciers peuvent \u00eatre class\u00e9s selon <strong data-start=\"698\" data-end=\"723\">diff\u00e9rents standards<\/strong>, en fonction de leur application et de leur comportement attendu. <\/p>\n<p>[\/et_pb_text][\/et_pb_column][et_pb_column type=\u00a0\u00bb1_2&Prime; _builder_version=\u00a0\u00bb4.27.4&Prime; _module_preset=\u00a0\u00bbdefault\u00a0\u00bb global_colors_info=\u00a0\u00bb{}\u00a0\u00bb][et_pb_text _builder_version=\u00a0\u00bb4.27.4&Prime; _module_preset=\u00a0\u00bbdefault\u00a0\u00bb global_colors_info=\u00a0\u00bb{}\u00a0\u00bb]<\/p>\n<p data-start=\"781\" data-end=\"866\" class=\"\">Parmi les principaux aspects analys\u00e9s pour cette classification, on trouve :<\/p>\n<ul data-start=\"868\" data-end=\"1086\">\n<li data-start=\"868\" data-end=\"893\" class=\"\">\n<p data-start=\"870\" data-end=\"893\" class=\"\"><strong data-start=\"870\" data-end=\"893\">Composition chimique<\/strong><\/p>\n<\/li>\n<li data-start=\"894\" data-end=\"916\" class=\"\">\n<p data-start=\"896\" data-end=\"916\" class=\"\"><strong data-start=\"896\" data-end=\"916\">Application finale<\/strong><\/p>\n<\/li>\n<li data-start=\"917\" data-end=\"941\" class=\"\">\n<p data-start=\"919\" data-end=\"941\" class=\"\"><strong data-start=\"919\" data-end=\"941\">Processus de finition<\/strong><\/p>\n<\/li>\n<li data-start=\"942\" data-end=\"964\" class=\"\">\n<p data-start=\"944\" data-end=\"964\" class=\"\"><strong data-start=\"944\" data-end=\"964\">Type d&rsquo;alliage<\/strong><\/p>\n<\/li>\n<li data-start=\"965\" data-end=\"992\" class=\"\">\n<p data-start=\"967\" data-end=\"992\" class=\"\"><strong data-start=\"967\" data-end=\"992\">M\u00e9thode de fabrication<\/strong><\/p>\n<\/li>\n<li data-start=\"993\" data-end=\"1019\" class=\"\">\n<p data-start=\"995\" data-end=\"1019\" class=\"\"><strong data-start=\"995\" data-end=\"1019\">R\u00e9sistance et force<\/strong><\/p>\n<\/li>\n<li data-start=\"1020\" data-end=\"1050\" class=\"\">\n<p data-start=\"1022\" data-end=\"1050\" class=\"\"><strong data-start=\"1022\" data-end=\"1050\">Traitements ult\u00e9rieurs<\/strong><\/p>\n<\/li>\n<li data-start=\"1051\" data-end=\"1086\" class=\"\">\n<p data-start=\"1053\" data-end=\"1086\" class=\"\"><strong data-start=\"1053\" data-end=\"1086\">Usure et r\u00e9sistance \u00e0 l&rsquo;utilisation<\/strong><\/p>\n<\/li>\n<\/ul>\n<p>[\/et_pb_text][\/et_pb_column][\/et_pb_row][et_pb_row _builder_version=\u00a0\u00bb4.27.4&Prime; _module_preset=\u00a0\u00bbdefault\u00a0\u00bb global_colors_info=\u00a0\u00bb{}\u00a0\u00bb][et_pb_column type=\u00a0\u00bb4_4&Prime; _builder_version=\u00a0\u00bb4.27.4&Prime; _module_preset=\u00a0\u00bbdefault\u00a0\u00bb global_colors_info=\u00a0\u00bb{}\u00a0\u00bb][et_pb_text _builder_version=\u00a0\u00bb4.27.4&Prime; _module_preset=\u00a0\u00bbdefault\u00a0\u00bb global_colors_info=\u00a0\u00bb{}\u00a0\u00bb]<\/p>\n<h3 data-start=\"222\" data-end=\"457\"><span>Chez <\/span><strong data-start=\"1091\" data-end=\"1106\">Aceros Coac<\/strong><span>, nous vous aidons \u00e0 choisir la nuance d&rsquo;acier id\u00e9ale en fonction de vos besoins techniques et de production.<\/span><\/h3>\n<p>[\/et_pb_text][et_pb_text _builder_version=\u00a0\u00bb4.27.4&Prime; _module_preset=\u00a0\u00bbdefault\u00a0\u00bb global_colors_info=\u00a0\u00bb{}\u00a0\u00bb]<\/p>\n<p data-start=\"212\" data-end=\"489\" class=\"\">Chez <strong data-start=\"215\" data-end=\"230\">Aceros Coac<\/strong>, nous avons plus de <strong data-start=\"251\" data-end=\"277\">40 ans d&rsquo;exp\u00e9rience<\/strong> dans le secteur m\u00e9tallurgique, depuis 1982. Notre \u00e9quipe technique est hautement qualifi\u00e9e pour vous aider \u00e0 choisir la <strong data-start=\"392\" data-end=\"423\">nuance d&rsquo;acier la plus appropri\u00e9e<\/strong> pour chaque application, avec une approche personnalis\u00e9e et professionnelle. <\/p>\n<p data-start=\"491\" data-end=\"654\" class=\"\">Nous analysons en profondeur les <strong data-start=\"521\" data-end=\"585\">propri\u00e9t\u00e9s m\u00e9caniques, la composition chimique et l&rsquo;utilisation finale<\/strong> de chaque mat\u00e9riau, assurant ainsi la meilleure solution pour votre projet.<\/p>\n<p data-start=\"656\" data-end=\"841\" class=\"\">L&rsquo;acier fait partie de presque tout ce que nous utilisons quotidiennement, et son choix n&rsquo;est pas un d\u00e9tail mineur : c&rsquo;est la base de la <strong data-start=\"769\" data-end=\"807\">qualit\u00e9, de la r\u00e9sistance et de la durabilit\u00e9<\/strong> de tout produit industriel.<\/p>\n<p data-start=\"843\" data-end=\"1107\" class=\"\">Depuis nos installations \u00e0 <strong data-start=\"875\" data-end=\"887\">Saragosse<\/strong>, avec pr\u00e8s de <strong data-start=\"900\" data-end=\"923\">4\u202f000 m\u00b2 d\u2019entrep\u00f4t<\/strong>, nous offrons une <strong data-start=\"939\" data-end=\"969\">logistique agile et efficace<\/strong> pour approvisionner les entreprises de secteurs aussi exigeants que l\u2019<strong data-start=\"1030\" data-end=\"1091\">automobile, la technologie, la fabrication d\u2019outils<\/strong> et bien d\u2019autres.<\/p>\n<p data-start=\"1109\" data-end=\"1257\" class=\"\">Chez <strong data-start=\"1112\" data-end=\"1127\">Aceros Coac<\/strong>, nous combinons exp\u00e9rience, connaissance technique et une infrastructure pr\u00e9par\u00e9e pour apporter une r\u00e9ponse rapide et pr\u00e9cise \u00e0 chaque client.<\/p>\n<p>[\/et_pb_text][\/et_pb_column][\/et_pb_row][et_pb_row _builder_version=\u00a0\u00bb4.27.4&Prime; _module_preset=\u00a0\u00bbdefault\u00a0\u00bb background_color=\u00a0\u00bbgcid-primary-color\u00a0\u00bb width_tablet=\u00a0\u00bb\u00a0\u00bb width_phone=\u00a0\u00bb90%\u00a0\u00bb width_last_edited=\u00a0\u00bbon|phone\u00a0\u00bb custom_margin=\u00a0\u00bb100px||||false|false\u00a0\u00bb custom_margin_tablet=\u00a0\u00bb0px||||false|false\u00a0\u00bb custom_margin_phone=\u00a0\u00bb0px||||false|false\u00a0\u00bb custom_margin_last_edited=\u00a0\u00bbon|phone\u00a0\u00bb custom_padding=\u00a0\u00bb|35px||35px|false|true\u00a0\u00bb global_colors_info=\u00a0\u00bb{%22gcid-primary-color%22:%91%22background_color%22%93}\u00a0\u00bb width__hover_enabled=\u00a0\u00bboff|desktop\u00a0\u00bb][et_pb_column type=\u00a0\u00bb4_4&Prime; _builder_version=\u00a0\u00bb4.27.4&Prime; _module_preset=\u00a0\u00bbdefault\u00a0\u00bb global_colors_info=\u00a0\u00bb{}\u00a0\u00bb][et_pb_text _builder_version=\u00a0\u00bb4.27.4&Prime; _module_preset=\u00a0\u00bbdefault\u00a0\u00bb text_text_color=\u00a0\u00bb#FFFFFF\u00a0\u00bb header_3_text_color=\u00a0\u00bb#FFFFFF\u00a0\u00bb global_colors_info=\u00a0\u00bb{}\u00a0\u00bb]<\/p>\n<h3>Demander des informations<\/h3>\n<p><span>Demandez-nous plus d&rsquo;informations et de conseils sur nos qualit\u00e9s d&rsquo;aciers ou toute autre question que vous pourriez avoir, et nous serons heureux de vous aider.<\/span><\/p>\n<p>[\/et_pb_text][et_pb_button button_url=\u00a0\u00bbhttps:\/\/aceroscoac.com\/fr\/contact\/\u00a0\u00bb button_text=\u00a0\u00bbDemander des infos\u00a0\u00bb _builder_version=\u00a0\u00bb4.27.4&Prime; _module_preset=\u00a0\u00bbdefault\u00a0\u00bb button_text_color=\u00a0\u00bbgcid-primary-color\u00a0\u00bb button_bg_color=\u00a0\u00bb#FFFFFF\u00a0\u00bb button_border_radius=\u00a0\u00bb0px\u00a0\u00bb custom_padding=\u00a0\u00bb12px|24px|12px|24px|true|true\u00a0\u00bb global_colors_info=\u00a0\u00bb{%22gcid-primary-color%22:%91%22button_bg_color%22,%22button_text_color%22%93}\u00a0\u00bb][\/et_pb_button][\/et_pb_column][\/et_pb_row][\/et_pb_section]<\/p>\n","protected":false},"excerpt":{"rendered":"<p>Les aciers rapides ou High Speed Steels (HSS) sont des aciers pour outils con\u00e7us pour maintenir la duret\u00e9 et le tranchant m\u00eame \u00e0 des temp\u00e9ratures de 500 \u00e0 600 \u00b0C, gr\u00e2ce \u00e0 leur r\u00e9sistance au rouge. Cela leur permet de couper des m\u00e9taux \u00e0 grande vitesse sans perdre en efficacit\u00e9, contrairement aux aciers de travail [&hellip;]<\/p>\n","protected":false},"author":1,"featured_media":0,"parent":2627,"menu_order":0,"comment_status":"closed","ping_status":"closed","template":"","meta":{"_et_pb_use_builder":"on","_et_pb_old_content":"","_et_gb_content_width":"","footnotes":""},"class_list":["post-3902","page","type-page","status-publish","hentry"],"_links":{"self":[{"href":"https:\/\/aceroscoac.com\/fr\/wp-json\/wp\/v2\/pages\/3902","targetHints":{"allow":["GET"]}}],"collection":[{"href":"https:\/\/aceroscoac.com\/fr\/wp-json\/wp\/v2\/pages"}],"about":[{"href":"https:\/\/aceroscoac.com\/fr\/wp-json\/wp\/v2\/types\/page"}],"author":[{"embeddable":true,"href":"https:\/\/aceroscoac.com\/fr\/wp-json\/wp\/v2\/users\/1"}],"replies":[{"embeddable":true,"href":"https:\/\/aceroscoac.com\/fr\/wp-json\/wp\/v2\/comments?post=3902"}],"version-history":[{"count":4,"href":"https:\/\/aceroscoac.com\/fr\/wp-json\/wp\/v2\/pages\/3902\/revisions"}],"predecessor-version":[{"id":3906,"href":"https:\/\/aceroscoac.com\/fr\/wp-json\/wp\/v2\/pages\/3902\/revisions\/3906"}],"up":[{"embeddable":true,"href":"https:\/\/aceroscoac.com\/fr\/wp-json\/wp\/v2\/pages\/2627"}],"wp:attachment":[{"href":"https:\/\/aceroscoac.com\/fr\/wp-json\/wp\/v2\/media?parent=3902"}],"curies":[{"name":"wp","href":"https:\/\/api.w.org\/{rel}","templated":true}]}}