{"id":3911,"date":"2026-02-17T20:25:36","date_gmt":"2026-02-17T19:25:36","guid":{"rendered":"https:\/\/aceroscoac.com\/?page_id=3911"},"modified":"2026-02-17T20:26:54","modified_gmt":"2026-02-17T19:26:54","slug":"acier-argente","status":"publish","type":"page","link":"https:\/\/aceroscoac.com\/fr\/nuances-dacier\/acier-argente\/","title":{"rendered":"Acier argent\u00e9"},"content":{"rendered":"<p>[et_pb_section fb_built=\u00a0\u00bb1&Prime; admin_label=\u00a0\u00bbHeader\u00a0\u00bb _builder_version=\u00a0\u00bb4.27.4&Prime; _module_preset=\u00a0\u00bb6234cc3d-b6f8-400b-b428-098eb18d4048&Prime; background_color=\u00a0\u00bbgcid-primary-color\u00a0\u00bb use_background_color_gradient=\u00a0\u00bboff\u00a0\u00bb background_enable_image=\u00a0\u00bboff\u00a0\u00bb parallax=\u00a0\u00bbon\u00a0\u00bb background_enable_video_mp4=\u00a0\u00bboff\u00a0\u00bb custom_padding=\u00a0\u00bb2vw||2vw||true|false\u00a0\u00bb collapsed=\u00a0\u00bboff\u00a0\u00bb global_colors_info=\u00a0\u00bb{%22gcid-primary-color%22:%91%22background_color_gradient_stops%22,%22quote_text_color%22,%22background_color%22%93}\u00a0\u00bb][et_pb_row _builder_version=\u00a0\u00bb4.27.4&Prime; _module_preset=\u00a0\u00bbdefault\u00a0\u00bb background_enable_color=\u00a0\u00bboff\u00a0\u00bb custom_padding=\u00a0\u00bb20px|20px|20px|20px|true|true\u00a0\u00bb global_colors_info=\u00a0\u00bb{}\u00a0\u00bb][et_pb_column type=\u00a0\u00bb4_4&Prime; _builder_version=\u00a0\u00bb4.27.0&Prime; _module_preset=\u00a0\u00bbdefault\u00a0\u00bb global_colors_info=\u00a0\u00bb{}\u00a0\u00bb][et_pb_heading title=\u00a0\u00bb@ET-DC@eyJkeW5hbWljIjp0cnVlLCJjb250ZW50IjoicG9zdF90aXRsZSIsInNldHRpbmdzIjp7ImJlZm9yZSI6IiIsImFmdGVyIjoiIn19@\u00a0\u00bb _builder_version=\u00a0\u00bb4.27.4&Prime; _dynamic_attributes=\u00a0\u00bbtitle\u00a0\u00bb _module_preset=\u00a0\u00bb85bb96a3-ef78-46ce-aab0-1e7393bf0748&Prime; title_text_color=\u00a0\u00bb#FFFFFF\u00a0\u00bb custom_margin=\u00a0\u00bb||10px||false|false\u00a0\u00bb global_colors_info=\u00a0\u00bb{}\u00a0\u00bb][\/et_pb_heading][et_pb_heading title=\u00a0\u00bbEN STOCK EN MOINS DE 48 HEURES\u00a0\u00bb _builder_version=\u00a0\u00bb4.27.4&Prime; _module_preset=\u00a0\u00bbeb37210b-8edd-4727-970a-25cfc5e0f17b\u00a0\u00bb title_text_color=\u00a0\u00bb#FFFFFF\u00a0\u00bb global_colors_info=\u00a0\u00bb{}\u00a0\u00bb][\/et_pb_heading][\/et_pb_column][\/et_pb_row][\/et_pb_section][et_pb_section fb_built=\u00a0\u00bb1&Prime; _builder_version=\u00a0\u00bb4.27.4&Prime; _module_preset=\u00a0\u00bbdefault\u00a0\u00bb global_colors_info=\u00a0\u00bb{}\u00a0\u00bb][et_pb_row _builder_version=\u00a0\u00bb4.27.4&Prime; _module_preset=\u00a0\u00bbdefault\u00a0\u00bb global_colors_info=\u00a0\u00bb{}\u00a0\u00bb][et_pb_column type=\u00a0\u00bb4_4&Prime; _builder_version=\u00a0\u00bb4.27.4&Prime; _module_preset=\u00a0\u00bbdefault\u00a0\u00bb global_colors_info=\u00a0\u00bb{}\u00a0\u00bb][et_pb_heading title=\u00a0\u00bbQu&#039;est-ce que l&#039;acier argent\u00e9 ?\u00a0\u00bb _builder_version=\u00a0\u00bb4.27.5&Prime; _module_preset=\u00a0\u00bbdefault\u00a0\u00bb hover_enabled=\u00a0\u00bb0&Prime; global_colors_info=\u00a0\u00bb{}\u00a0\u00bb sticky_enabled=\u00a0\u00bb0&Prime;][\/et_pb_heading][et_pb_text _builder_version=\u00a0\u00bb4.27.5&Prime; _module_preset=\u00a0\u00bbdefault\u00a0\u00bb hover_enabled=\u00a0\u00bb0&Prime; global_colors_info=\u00a0\u00bb{}\u00a0\u00bb sticky_enabled=\u00a0\u00bb0&Prime;]<\/p>\n<blockquote>\n<p data-start=\"45\" data-end=\"564\">L <strong data-start=\"48\" data-end=\"63\">&lsquo;acier \u00e0 l&rsquo;argent<\/strong> est un <strong data-start=\"70\" data-end=\"107\">acier \u00e0 outils de haute qualit\u00e9<\/strong>, normalement fourni en <strong data-start=\"137\" data-end=\"173\">barres calibr\u00e9es et rectifi\u00e9es<\/strong> (avec des tol\u00e9rances tr\u00e8s pr\u00e9cises et une bonne finition de surface). Il est utilis\u00e9 lorsqu&rsquo;une <strong data-start=\"263\" data-end=\"295\">grande stabilit\u00e9 dimensionnelle<\/strong>, une <strong data-start=\"297\" data-end=\"322\">bonne usinabilit\u00e9<\/strong> et, surtout, la possibilit\u00e9 d&rsquo;atteindre des <strong data-start=\"365\" data-end=\"411\">duret\u00e9s \u00e9lev\u00e9es par traitement thermique<\/strong> (trempe et revenu) sont requises, offrant une excellente combinaison de <strong data-start=\"473\" data-end=\"500\">r\u00e9sistance \u00e0 l&rsquo;usure<\/strong>, de <strong data-start=\"502\" data-end=\"515\">t\u00e9nacit\u00e9<\/strong> et de <strong data-start=\"518\" data-end=\"533\">durabilit\u00e9<\/strong> pour les pi\u00e8ces de petite et moyenne taille. <\/p>\n<p data-start=\"566\" data-end=\"761\">On le trouve souvent sur le march\u00e9 associ\u00e9 \u00e0 la d\u00e9signation <strong data-start=\"624\" data-end=\"651\">EN\/DIN 1.2210 (115CrV3)<\/strong>, qui est tr\u00e8s populaire dans les ateliers en raison de ses performances fiables dans la fabrication d&rsquo;outils et de composants de pr\u00e9cision.<\/p>\n<h3 data-start=\"763\" data-end=\"801\">Principales propri\u00e9t\u00e9s et avantages<\/h3>\n<ul data-start=\"802\" data-end=\"1259\">\n<li data-start=\"802\" data-end=\"887\">\n<p data-start=\"804\" data-end=\"887\"><strong data-start=\"804\" data-end=\"822\">Haute pr\u00e9cision<\/strong>: id\u00e9al pour les arbres, les goupilles et les \u00e9l\u00e9ments o\u00f9 la mesure est \u00ab\u00a0r\u00e9glementaire\u00a0\u00bb.<\/p>\n<\/li>\n<li data-start=\"888\" data-end=\"979\">\n<p data-start=\"890\" data-end=\"979\"><strong data-start=\"890\" data-end=\"915\">Bon polissage et bonne finition<\/strong>: convient aux pi\u00e8ces n\u00e9cessitant un bon \u00e9tat de surface.<\/p>\n<\/li>\n<li data-start=\"980\" data-end=\"1073\">\n<p data-start=\"982\" data-end=\"1073\"><strong data-start=\"982\" data-end=\"1009\">Duret\u00e9 \u00e9lev\u00e9e apr\u00e8s la trempe<\/strong>: parfaite pour les outils et les composants sujets \u00e0 la friction.<\/p>\n<\/li>\n<li data-start=\"1074\" data-end=\"1169\">\n<p data-start=\"1076\" data-end=\"1169\"><strong data-start=\"1076\" data-end=\"1118\">Bonne r\u00e9ponse au traitement thermique<\/strong>: la duret\u00e9\/t\u00e9nacit\u00e9 peut \u00eatre ajust\u00e9e selon les besoins.<\/p>\n<\/li>\n<li data-start=\"1170\" data-end=\"1259\">\n<p data-start=\"1172\" data-end=\"1259\"><strong data-start=\"1172\" data-end=\"1194\">Polyvalent dans l&rsquo;atelier<\/strong>: il s&rsquo;usine bien avant le durcissement et se comporte tr\u00e8s bien en service.<\/p>\n<\/li>\n<\/ul>\n<h3 data-start=\"1261\" data-end=\"1309\">Applications typiques de la qualit\u00e9 \u00ab\u00a0Silver Steel<\/h3>\n<p data-start=\"1310\" data-end=\"1323\">Largement utilis\u00e9 dans :<\/p>\n<ul data-start=\"1324\" data-end=\"1595\">\n<li data-start=\"1324\" data-end=\"1377\">\n<p data-start=\"1326\" data-end=\"1377\"><strong data-start=\"1326\" data-end=\"1377\">Poin\u00e7ons, matrices, emporte-pi\u00e8ces et outils de coupe<\/strong><\/p>\n<\/li>\n<li data-start=\"1378\" data-end=\"1447\">\n<p data-start=\"1380\" data-end=\"1447\"><strong data-start=\"1380\" data-end=\"1447\">M\u00e8ches, al\u00e9soirs, tarauds, lames et outils \u00e0 main<\/strong><\/p>\n<\/li>\n<li data-start=\"1448\" data-end=\"1521\">\n<p data-start=\"1450\" data-end=\"1521\"><strong data-start=\"1450\" data-end=\"1521\">Goupilles, axes, arbres de pr\u00e9cision, guides et \u00e9l\u00e9ments calibr\u00e9s<\/strong><\/p>\n<\/li>\n<li data-start=\"1522\" data-end=\"1595\">\n<p data-start=\"1524\" data-end=\"1595\"><strong data-start=\"1524\" data-end=\"1553\">Petites pi\u00e8ces m\u00e9caniques<\/strong> avec des exigences d&rsquo;<strong data-start=\"1571\" data-end=\"1595\">usure et de pr\u00e9cision<\/strong><\/p>\n<\/li>\n<\/ul>\n<h3 data-start=\"1597\" data-end=\"1623\">Recommandation pratique<\/h3>\n<p data-start=\"1624\" data-end=\"1888\">Si votre projet n\u00e9cessite des <strong data-start=\"1648\" data-end=\"1669\">barres calibr\u00e9es<\/strong>, des <strong data-start=\"1671\" data-end=\"1694\">pi\u00e8ces de pr\u00e9cision<\/strong> et un acier qui, apr\u00e8s <strong data-start=\"1716\" data-end=\"1726\">durcissement<\/strong>, r\u00e9sistera \u00e0 l&rsquo;<strong data-start=\"1736\" data-end=\"1764\">usure et \u00e0 un usage intensif<\/strong>, l&rsquo;<strong data-start=\"1769\" data-end=\"1784\">acier argent\u00e9<\/strong> est souvent l&rsquo;un des choix les plus s\u00fbrs en raison de son \u00e9quilibre entre l&rsquo;<strong data-start=\"1851\" data-end=\"1887\">usinage, la duret\u00e9 et la stabilit\u00e9<\/strong>.<\/p>\n<\/blockquote>\n<p>[\/et_pb_text][et_pb_blurb title=\u00a0\u00bbACIER ARGENT\u00c9 W.NR:1.2210&Prime; url=\u00a0\u00bbhttps:\/\/aceroscoac.com\/fr\/aciers\/acier-argent-w-nr1-2210\/\u00a0\u00bb image=\u00a0\u00bbhttps:\/\/aceroscoac.com\/wp-content\/uploads\/2025\/06\/acero-plata-copia-2.jpeg\u00a0\u00bb icon_placement=\u00a0\u00bbtop\u00a0\u00bb image_icon_width=\u00a0\u00bb131%\u00a0\u00bb _builder_version=\u00a0\u00bb4.27.5&Prime; _module_preset=\u00a0\u00bbdefault\u00a0\u00bb header_font=\u00a0\u00bb|||on|||||\u00a0\u00bb image_icon_custom_padding=\u00a0\u00bb0px||||false|false\u00a0\u00bb hover_enabled=\u00a0\u00bb0&Prime; global_colors_info=\u00a0\u00bb{}\u00a0\u00bb alt=\u00a0\u00bbacier argent aciers coac\u00a0\u00bb title_text=\u00a0\u00bbacero plata copia 2&Prime; sticky_enabled=\u00a0\u00bb0&Prime;][\/et_pb_blurb][\/et_pb_column][\/et_pb_row][\/et_pb_section][et_pb_section fb_built=\u00a0\u00bb1&Prime; admin_label=\u00a0\u00bbHeader\u00a0\u00bb _builder_version=\u00a0\u00bb4.27.4&Prime; _module_preset=\u00a0\u00bb6234cc3d-b6f8-400b-b428-098eb18d4048&Prime; background_image=\u00a0\u00bbhttps:\/\/aceroscoac.com\/wp-content\/uploads\/2025\/04\/clasificacion-de-los-grados-de-acero-scaled.jpg\u00a0\u00bb background_position=\u00a0\u00bbbottom_left\u00a0\u00bb background_enable_video_mp4=\u00a0\u00bboff\u00a0\u00bb custom_padding=\u00a0\u00bb2vw||2vw||true|false\u00a0\u00bb collapsed=\u00a0\u00bboff\u00a0\u00bb global_colors_info=\u00a0\u00bb{%22gcid-primary-color%22:%91%22background_color_gradient_stops%22,%22quote_text_color%22%93}\u00a0\u00bb][et_pb_row _builder_version=\u00a0\u00bb4.27.4&Prime; _module_preset=\u00a0\u00bbdefault\u00a0\u00bb background_enable_color=\u00a0\u00bboff\u00a0\u00bb custom_padding=\u00a0\u00bb20px|20px|20px|20px|true|true\u00a0\u00bb global_colors_info=\u00a0\u00bb{}\u00a0\u00bb][et_pb_column type=\u00a0\u00bb4_4&Prime; _builder_version=\u00a0\u00bb4.27.0&Prime; _module_preset=\u00a0\u00bbdefault\u00a0\u00bb global_colors_info=\u00a0\u00bb{}\u00a0\u00bb][et_pb_heading title=\u00a0\u00bbComment les nuances d&#039;acier sont-elles class\u00e9es ?\u00a0\u00bb _builder_version=\u00a0\u00bb4.27.4&Prime; _module_preset=\u00a0\u00bb85bb96a3-ef78-46ce-aab0-1e7393bf0748&Prime; title_level=\u00a0\u00bbh2&Prime; title_text_color=\u00a0\u00bb#FFFFFF\u00a0\u00bb custom_margin=\u00a0\u00bb||10px||false|false\u00a0\u00bb global_colors_info=\u00a0\u00bb{}\u00a0\u00bb][\/et_pb_heading][\/et_pb_column][\/et_pb_row][\/et_pb_section][et_pb_section fb_built=\u00a0\u00bb1&Prime; _builder_version=\u00a0\u00bb4.27.4&Prime; _module_preset=\u00a0\u00bbdefault\u00a0\u00bb global_module=\u00a0\u00bb3096&Prime; global_colors_info=\u00a0\u00bb{}\u00a0\u00bb][et_pb_row column_structure=\u00a0\u00bb1_2,1_2&Prime; _builder_version=\u00a0\u00bb4.27.4&Prime; _module_preset=\u00a0\u00bbdefault\u00a0\u00bb global_colors_info=\u00a0\u00bb{}\u00a0\u00bb][et_pb_column type=\u00a0\u00bb1_2&Prime; _builder_version=\u00a0\u00bb4.27.4&Prime; _module_preset=\u00a0\u00bbdefault\u00a0\u00bb global_colors_info=\u00a0\u00bb{}\u00a0\u00bb][et_pb_text _builder_version=\u00a0\u00bb4.27.4&Prime; _module_preset=\u00a0\u00bbdefault\u00a0\u00bb global_colors_info=\u00a0\u00bb{}\u00a0\u00bb]<\/p>\n<p data-start=\"222\" data-end=\"457\" class=\"\">Pour classer correctement les diff\u00e9rents types et nuances d&rsquo;acier, il est essentiel de tenir compte \u00e0 la fois de leur <strong data-start=\"326\" data-end=\"355\">composition et de leurs propri\u00e9t\u00e9s<\/strong>, des <strong data-start=\"365\" data-end=\"388\">normes europ\u00e9ennes<\/strong> applicables et des <strong data-start=\"406\" data-end=\"443\">exigences techniques de l&rsquo;utilisation finale<\/strong> du mat\u00e9riau.<\/p>\n<p data-start=\"459\" data-end=\"779\" class=\"\">Une m\u00eame nuance d&rsquo;acier peut pr\u00e9senter des <strong data-start=\"499\" data-end=\"538\">variantes aux propri\u00e9t\u00e9s diff\u00e9rentes<\/strong>, en fonction du type d&rsquo;alliage, du processus de fabrication ou des traitements thermiques et m\u00e9caniques appliqu\u00e9s. Par cons\u00e9quent, les aciers peuvent \u00eatre class\u00e9s selon <strong data-start=\"698\" data-end=\"723\">diff\u00e9rentes normes<\/strong>, en fonction de leur application et du comportement attendu.<\/p>\n<p>[\/et_pb_text][\/et_pb_column][et_pb_column type=\u00a0\u00bb1_2&Prime; _builder_version=\u00a0\u00bb4.27.4&Prime; _module_preset=\u00a0\u00bbdefault\u00a0\u00bb global_colors_info=\u00a0\u00bb{}\u00a0\u00bb][et_pb_text _builder_version=\u00a0\u00bb4.27.4&Prime; _module_preset=\u00a0\u00bbdefault\u00a0\u00bb global_colors_info=\u00a0\u00bb{}\u00a0\u00bb]<\/p>\n<p data-start=\"781\" data-end=\"866\" class=\"\">Parmi les principaux aspects analys\u00e9s pour cette classification, on trouve :<\/p>\n<ul data-start=\"868\" data-end=\"1086\">\n<li data-start=\"868\" data-end=\"893\" class=\"\">\n<p data-start=\"870\" data-end=\"893\" class=\"\"><strong data-start=\"870\" data-end=\"893\">Composition chimique<\/strong><\/p>\n<\/li>\n<li data-start=\"894\" data-end=\"916\" class=\"\">\n<p data-start=\"896\" data-end=\"916\" class=\"\"><strong data-start=\"896\" data-end=\"916\">Application finale<\/strong><\/p>\n<\/li>\n<li data-start=\"917\" data-end=\"941\" class=\"\">\n<p data-start=\"919\" data-end=\"941\" class=\"\"><strong data-start=\"919\" data-end=\"941\">Processus de finition<\/strong><\/p>\n<\/li>\n<li data-start=\"942\" data-end=\"964\" class=\"\">\n<p data-start=\"944\" data-end=\"964\" class=\"\"><strong data-start=\"944\" data-end=\"964\">Type d&rsquo;alliage<\/strong><\/p>\n<\/li>\n<li data-start=\"965\" data-end=\"992\" class=\"\">\n<p data-start=\"967\" data-end=\"992\" class=\"\"><strong data-start=\"967\" data-end=\"992\">M\u00e9thode de fabrication<\/strong><\/p>\n<\/li>\n<li data-start=\"993\" data-end=\"1019\" class=\"\">\n<p data-start=\"995\" data-end=\"1019\" class=\"\"><strong data-start=\"995\" data-end=\"1019\">R\u00e9sistance et force<\/strong><\/p>\n<\/li>\n<li data-start=\"1020\" data-end=\"1050\" class=\"\">\n<p data-start=\"1022\" data-end=\"1050\" class=\"\"><strong data-start=\"1022\" data-end=\"1050\">Traitements ult\u00e9rieurs<\/strong><\/p>\n<\/li>\n<li data-start=\"1051\" data-end=\"1086\" class=\"\">\n<p data-start=\"1053\" data-end=\"1086\" class=\"\"><strong data-start=\"1053\" data-end=\"1086\">Usure et r\u00e9sistance \u00e0 l&rsquo;utilisation<\/strong><\/p>\n<\/li>\n<\/ul>\n<p>[\/et_pb_text][\/et_pb_column][\/et_pb_row][et_pb_row _builder_version=\u00a0\u00bb4.27.4&Prime; _module_preset=\u00a0\u00bbdefault\u00a0\u00bb global_colors_info=\u00a0\u00bb{}\u00a0\u00bb][et_pb_column type=\u00a0\u00bb4_4&Prime; _builder_version=\u00a0\u00bb4.27.4&Prime; _module_preset=\u00a0\u00bbdefault\u00a0\u00bb global_colors_info=\u00a0\u00bb{}\u00a0\u00bb][et_pb_text _builder_version=\u00a0\u00bb4.27.4&Prime; _module_preset=\u00a0\u00bbdefault\u00a0\u00bb global_colors_info=\u00a0\u00bb{}\u00a0\u00bb]<\/p>\n<h3 data-start=\"222\" data-end=\"457\"><span>Chez <\/span><strong data-start=\"1091\" data-end=\"1106\">Aceros Coac<\/strong><span>, nous vous aidons \u00e0 choisir la nuance d&rsquo;acier id\u00e9ale en fonction de vos besoins techniques et de production.<\/span><\/h3>\n<p>[\/et_pb_text][et_pb_text _builder_version=\u00a0\u00bb4.27.4&Prime; _module_preset=\u00a0\u00bbdefault\u00a0\u00bb global_colors_info=\u00a0\u00bb{}\u00a0\u00bb]<\/p>\n<p data-start=\"212\" data-end=\"489\" class=\"\"><strong data-start=\"215\" data-end=\"230\">Aceros Coac<\/strong> a plus de <strong data-start=\"251\" data-end=\"277\">40 ans d&rsquo;exp\u00e9rience<\/strong> dans le secteur m\u00e9tallurgique, depuis 1982. Notre \u00e9quipe technique est hautement qualifi\u00e9e pour vous aider \u00e0 choisir la <strong data-start=\"392\" data-end=\"423\">nuance d&rsquo;acier la plus adapt\u00e9e \u00e0<\/strong> chaque application, avec une approche personnalis\u00e9e et professionnelle.<\/p>\n<p data-start=\"491\" data-end=\"654\" class=\"\">Nous analysons en profondeur les <strong data-start=\"521\" data-end=\"585\">propri\u00e9t\u00e9s m\u00e9caniques, la composition chimique et l&rsquo;utilisation finale<\/strong> de chaque mat\u00e9riau, assurant ainsi la meilleure solution pour votre projet.<\/p>\n<p data-start=\"656\" data-end=\"841\" class=\"\">L&rsquo;acier fait partie de presque tout ce que nous utilisons quotidiennement, et son choix n&rsquo;est pas un d\u00e9tail mineur : c&rsquo;est la base de la <strong data-start=\"769\" data-end=\"807\">qualit\u00e9, de la r\u00e9sistance et de la durabilit\u00e9<\/strong> de tout produit industriel.<\/p>\n<p data-start=\"843\" data-end=\"1107\" class=\"\">Depuis nos installations \u00e0 <strong data-start=\"875\" data-end=\"887\">Saragosse<\/strong>, avec pr\u00e8s de <strong data-start=\"900\" data-end=\"923\">4\u202f000 m\u00b2 d\u2019entrep\u00f4t<\/strong>, nous offrons une <strong data-start=\"939\" data-end=\"969\">logistique agile et efficace<\/strong> pour approvisionner les entreprises de secteurs aussi exigeants que l\u2019<strong data-start=\"1030\" data-end=\"1091\">automobile, la technologie, la fabrication d\u2019outils<\/strong> et bien d\u2019autres.<\/p>\n<p data-start=\"1109\" data-end=\"1257\" class=\"\">Chez <strong data-start=\"1112\" data-end=\"1127\">Aceros Coac<\/strong>, nous combinons exp\u00e9rience, connaissance technique et une infrastructure pr\u00e9par\u00e9e pour apporter une r\u00e9ponse rapide et pr\u00e9cise \u00e0 chaque client.<\/p>\n<p>[\/et_pb_text][\/et_pb_column][\/et_pb_row][et_pb_row _builder_version=\u00a0\u00bb4.27.4&Prime; _module_preset=\u00a0\u00bbdefault\u00a0\u00bb background_color=\u00a0\u00bbgcid-primary-color\u00a0\u00bb width_tablet=\u00a0\u00bb\u00a0\u00bb width_phone=\u00a0\u00bb90%\u00a0\u00bb width_last_edited=\u00a0\u00bbon|phone\u00a0\u00bb custom_margin=\u00a0\u00bb100px||||false|false\u00a0\u00bb custom_margin_tablet=\u00a0\u00bb0px||||false|false\u00a0\u00bb custom_margin_phone=\u00a0\u00bb0px||||false|false\u00a0\u00bb custom_margin_last_edited=\u00a0\u00bbon|phone\u00a0\u00bb custom_padding=\u00a0\u00bb|35px||35px|false|true\u00a0\u00bb global_colors_info=\u00a0\u00bb{%22gcid-primary-color%22:%91%22background_color%22%93}\u00a0\u00bb width__hover_enabled=\u00a0\u00bboff|desktop\u00a0\u00bb][et_pb_column type=\u00a0\u00bb4_4&Prime; _builder_version=\u00a0\u00bb4.27.4&Prime; _module_preset=\u00a0\u00bbdefault\u00a0\u00bb global_colors_info=\u00a0\u00bb{}\u00a0\u00bb][et_pb_text _builder_version=\u00a0\u00bb4.27.4&Prime; _module_preset=\u00a0\u00bbdefault\u00a0\u00bb text_text_color=\u00a0\u00bb#FFFFFF\u00a0\u00bb header_3_text_color=\u00a0\u00bb#FFFFFF\u00a0\u00bb global_colors_info=\u00a0\u00bb{}\u00a0\u00bb]<\/p>\n<h3>Demander des informations<\/h3>\n<p><span>Demandez-nous plus d&rsquo;informations et de conseils sur nos qualit\u00e9s d&rsquo;aciers ou toute autre question que vous pourriez avoir, et nous serons heureux de vous aider.<\/span><\/p>\n<p>[\/et_pb_text][et_pb_button button_url=\u00a0\u00bbhttps:\/\/aceroscoac.com\/fr\/contact\/\u00a0\u00bb button_text=\u00a0\u00bbDemander des infos\u00a0\u00bb _builder_version=\u00a0\u00bb4.27.4&Prime; _module_preset=\u00a0\u00bbdefault\u00a0\u00bb button_text_color=\u00a0\u00bbgcid-primary-color\u00a0\u00bb button_bg_color=\u00a0\u00bb#FFFFFF\u00a0\u00bb button_border_radius=\u00a0\u00bb0px\u00a0\u00bb custom_padding=\u00a0\u00bb12px|24px|12px|24px|true|true\u00a0\u00bb global_colors_info=\u00a0\u00bb{%22gcid-primary-color%22:%91%22button_bg_color%22,%22button_text_color%22%93}\u00a0\u00bb][\/et_pb_button][\/et_pb_column][\/et_pb_row][\/et_pb_section]<\/p>\n","protected":false},"excerpt":{"rendered":"<p>L &lsquo;acier \u00e0 l&rsquo;argent est un acier \u00e0 outils de haute qualit\u00e9, normalement fourni en barres calibr\u00e9es et rectifi\u00e9es (avec des tol\u00e9rances tr\u00e8s pr\u00e9cises et une bonne finition de surface). Il est utilis\u00e9 lorsqu&rsquo;une grande stabilit\u00e9 dimensionnelle, une bonne usinabilit\u00e9 et, surtout, la possibilit\u00e9 d&rsquo;atteindre des duret\u00e9s \u00e9lev\u00e9es par traitement thermique (trempe et revenu) sont [&hellip;]<\/p>\n","protected":false},"author":1,"featured_media":0,"parent":2627,"menu_order":0,"comment_status":"closed","ping_status":"closed","template":"","meta":{"_et_pb_use_builder":"on","_et_pb_old_content":"","_et_gb_content_width":"","footnotes":""},"class_list":["post-3911","page","type-page","status-publish","hentry"],"_links":{"self":[{"href":"https:\/\/aceroscoac.com\/fr\/wp-json\/wp\/v2\/pages\/3911","targetHints":{"allow":["GET"]}}],"collection":[{"href":"https:\/\/aceroscoac.com\/fr\/wp-json\/wp\/v2\/pages"}],"about":[{"href":"https:\/\/aceroscoac.com\/fr\/wp-json\/wp\/v2\/types\/page"}],"author":[{"embeddable":true,"href":"https:\/\/aceroscoac.com\/fr\/wp-json\/wp\/v2\/users\/1"}],"replies":[{"embeddable":true,"href":"https:\/\/aceroscoac.com\/fr\/wp-json\/wp\/v2\/comments?post=3911"}],"version-history":[{"count":2,"href":"https:\/\/aceroscoac.com\/fr\/wp-json\/wp\/v2\/pages\/3911\/revisions"}],"predecessor-version":[{"id":3913,"href":"https:\/\/aceroscoac.com\/fr\/wp-json\/wp\/v2\/pages\/3911\/revisions\/3913"}],"up":[{"embeddable":true,"href":"https:\/\/aceroscoac.com\/fr\/wp-json\/wp\/v2\/pages\/2627"}],"wp:attachment":[{"href":"https:\/\/aceroscoac.com\/fr\/wp-json\/wp\/v2\/media?parent=3911"}],"curies":[{"name":"wp","href":"https:\/\/api.w.org\/{rel}","templated":true}]}}