{"id":3921,"date":"2026-02-17T20:32:14","date_gmt":"2026-02-17T19:32:14","guid":{"rendered":"https:\/\/aceroscoac.com\/nuances-dacier\/aciers-pour-marquage-a-chaud\/"},"modified":"2026-02-17T20:32:51","modified_gmt":"2026-02-17T19:32:51","slug":"aciers-pour-marquage-a-chaud","status":"publish","type":"page","link":"https:\/\/aceroscoac.com\/fr\/nuances-dacier\/aciers-pour-marquage-a-chaud\/","title":{"rendered":"Aciers pour marquage \u00e0 chaud"},"content":{"rendered":"<p>[et_pb_section fb_built=\u00a0\u00bb1&Prime; admin_label=\u00a0\u00bbHeader\u00a0\u00bb _builder_version=\u00a0\u00bb4.27.4&Prime; _module_preset=\u00a0\u00bb6234cc3d-b6f8-400b-b428-098eb18d4048&Prime; background_color=\u00a0\u00bbgcid-primary-color\u00a0\u00bb use_background_color_gradient=\u00a0\u00bboff\u00a0\u00bb background_enable_image=\u00a0\u00bboff\u00a0\u00bb parallax=\u00a0\u00bbon\u00a0\u00bb background_enable_video_mp4=\u00a0\u00bboff\u00a0\u00bb custom_padding=\u00a0\u00bb2vw||2vw||true|false\u00a0\u00bb collapsed=\u00a0\u00bboff\u00a0\u00bb global_colors_info=\u00a0\u00bb{%22gcid-primary-color%22:%91%22background_color_gradient_stops%22,%22quote_text_color%22,%22background_color%22%93}\u00a0\u00bb][et_pb_row _builder_version=\u00a0\u00bb4.27.4&Prime; _module_preset=\u00a0\u00bbdefault\u00a0\u00bb background_enable_color=\u00a0\u00bboff\u00a0\u00bb custom_padding=\u00a0\u00bb20px|20px|20px|20px|true|true\u00a0\u00bb global_colors_info=\u00a0\u00bb{}\u00a0\u00bb][et_pb_column type=\u00a0\u00bb4_4&Prime; _builder_version=\u00a0\u00bb4.27.0&Prime; _module_preset=\u00a0\u00bbdefault\u00a0\u00bb global_colors_info=\u00a0\u00bb{}\u00a0\u00bb][et_pb_heading title=\u00a0\u00bb@ET-DC@eyJkeW5hbWljIjp0cnVlLCJjb250ZW50IjoicG9zdF90aXRsZSIsInNldHRpbmdzIjp7ImJlZm9yZSI6IiIsImFmdGVyIjoiIn19@\u00a0\u00bb _builder_version=\u00a0\u00bb4.27.4&Prime; _dynamic_attributes=\u00a0\u00bbtitle\u00a0\u00bb _module_preset=\u00a0\u00bb85bb96a3-ef78-46ce-aab0-1e7393bf0748&Prime; title_text_color=\u00a0\u00bb#FFFFFF\u00a0\u00bb custom_margin=\u00a0\u00bb||10px||false|false\u00a0\u00bb global_colors_info=\u00a0\u00bb{}\u00a0\u00bb][\/et_pb_heading][et_pb_heading title=\u00a0\u00bbEN STOCK EN MOINS DE 48 HEURES\u00a0\u00bb _builder_version=\u00a0\u00bb4.27.5&Prime; _module_preset=\u00a0\u00bbeb37210b-8edd-4727-970a-25cfc5e0f17b\u00a0\u00bb title_text_color=\u00a0\u00bb#FFFFFF\u00a0\u00bb hover_enabled=\u00a0\u00bb0&Prime; global_colors_info=\u00a0\u00bb{}\u00a0\u00bb sticky_enabled=\u00a0\u00bb0&Prime;][\/et_pb_heading][\/et_pb_column][\/et_pb_row][\/et_pb_section][et_pb_section fb_built=\u00a0\u00bb1&Prime; _builder_version=\u00a0\u00bb4.27.4&Prime; _module_preset=\u00a0\u00bbdefault\u00a0\u00bb global_colors_info=\u00a0\u00bb{}\u00a0\u00bb][et_pb_row _builder_version=\u00a0\u00bb4.27.4&Prime; _module_preset=\u00a0\u00bbdefault\u00a0\u00bb global_colors_info=\u00a0\u00bb{}\u00a0\u00bb][et_pb_column type=\u00a0\u00bb4_4&Prime; _builder_version=\u00a0\u00bb4.27.4&Prime; _module_preset=\u00a0\u00bbdefault\u00a0\u00bb global_colors_info=\u00a0\u00bb{}\u00a0\u00bb][et_pb_heading title=\u00a0\u00bbQu&#039;est-ce que l&#039;acier pour marquage \u00e0 chaud ?\u00a0\u00bb _builder_version=\u00a0\u00bb4.27.5&Prime; _module_preset=\u00a0\u00bbdefault\u00a0\u00bb hover_enabled=\u00a0\u00bb0&Prime; global_colors_info=\u00a0\u00bb{}\u00a0\u00bb sticky_enabled=\u00a0\u00bb0&Prime;][\/et_pb_heading][et_pb_text _builder_version=\u00a0\u00bb4.27.5&Prime; _module_preset=\u00a0\u00bbdefault\u00a0\u00bb hover_enabled=\u00a0\u00bb0&Prime; global_colors_info=\u00a0\u00bb{}\u00a0\u00bb sticky_enabled=\u00a0\u00bb0&Prime;]<\/p>\n<blockquote>\n<p data-start=\"56\" data-end=\"535\">Les <strong data-start=\"60\" data-end=\"99\">aciers de forgeage \u00e0 chaud<\/strong> sont des <strong data-start=\"104\" data-end=\"126\">aciers \u00e0 outils<\/strong> con\u00e7us pour fabriquer des <strong data-start=\"151\" data-end=\"175\">matrices et des outils<\/strong> travaillant \u00e0 des <strong data-start=\"191\" data-end=\"213\">temp\u00e9ratures \u00e9lev\u00e9es<\/strong> au cours de processus tels que le <strong data-start=\"239\" data-end=\"248\">forgeage<\/strong>, l&rsquo;<strong data-start=\"253\" data-end=\"268\">estampage<\/strong> et le <strong data-start=\"274\" data-end=\"300\">formage \u00e0 chaud<\/strong>. Ils sont con\u00e7us pour r\u00e9sister aux cycles thermiques continus et aux contraintes m\u00e9caniques s\u00e9v\u00e8res sans perte de performance, en conservant leur <strong data-start=\"423\" data-end=\"438\">r\u00e9sistance<\/strong>, leur <strong data-start=\"440\" data-end=\"453\">t\u00e9nacit\u00e9<\/strong> et leur <strong data-start=\"456\" data-end=\"483\">stabilit\u00e9 dimensionnelle<\/strong>, m\u00eame lorsque le mat\u00e9riau de travail est chauff\u00e9 \u00e0 blanc. <\/p>\n<p data-start=\"537\" data-end=\"799\">Dans ce type d&rsquo;application, l&rsquo;outillage est soumis \u00e0 la <strong data-start=\"585\" data-end=\"603\">fatigue thermique<\/strong>, aux <strong data-start=\"605\" data-end=\"616\">chocs<\/strong>, \u00e0 l&rsquo;<strong data-start=\"618\" data-end=\"630\">abrasion<\/strong> et \u00e0 <strong data-start=\"633\" data-end=\"657\">la fissuration thermique<\/strong>. C&rsquo;est pourquoi ces aciers se distinguent par leur capacit\u00e9 \u00e0 r\u00e9sister aux <strong data-start=\"718\" data-end=\"738\">chocs thermiques<\/strong> et \u00e0 conserver leurs propri\u00e9t\u00e9s m\u00e9caniques \u00e0 des temp\u00e9ratures \u00e9lev\u00e9es.<\/p>\n<h3 data-start=\"801\" data-end=\"839\">Principales propri\u00e9t\u00e9s et avantages<\/h3>\n<ul data-start=\"840\" data-end=\"1216\">\n<li data-start=\"840\" data-end=\"908\">\n<p data-start=\"842\" data-end=\"908\"><strong data-start=\"842\" data-end=\"869\">R\u00e9sistance \u00e0 la trempe<\/strong> (maintien de la duret\u00e9 \u00e0 haute temp\u00e9rature).<\/p>\n<\/li>\n<li data-start=\"909\" data-end=\"977\">\n<p data-start=\"911\" data-end=\"977\"><strong data-start=\"911\" data-end=\"929\">Haute t\u00e9nacit\u00e9<\/strong> pour \u00e9viter la rupture et l&rsquo;\u00e9caillage en service.<\/p>\n<\/li>\n<li data-start=\"978\" data-end=\"1067\">\n<p data-start=\"980\" data-end=\"1067\"><strong data-start=\"980\" data-end=\"1021\">Bonne r\u00e9sistance \u00e0 la fatigue thermique<\/strong> (moins de fissures dues aux cycles chaleur\/refroidissement).<\/p>\n<\/li>\n<li data-start=\"1068\" data-end=\"1138\">\n<p data-start=\"1070\" data-end=\"1138\"><strong data-start=\"1070\" data-end=\"1097\">R\u00e9sistance \u00e0 l&rsquo;usure et \u00e0 la<\/strong> d\u00e9formation plastique \u00e0 chaud.<\/p>\n<\/li>\n<li data-start=\"1139\" data-end=\"1216\">\n<p data-start=\"1141\" data-end=\"1216\"><strong data-start=\"1141\" data-end=\"1169\">Fiabilit\u00e9 de la production<\/strong>: dur\u00e9e de vie plus longue des outils et r\u00e9duction des temps d&rsquo;arr\u00eat.<\/p>\n<\/li>\n<\/ul>\n<h3 data-start=\"1218\" data-end=\"1242\">Applications typiques<\/h3>\n<p data-start=\"1243\" data-end=\"1269\">Ils sont principalement utilis\u00e9s dans :<\/p>\n<ul data-start=\"1270\" data-end=\"1530\">\n<li data-start=\"1270\" data-end=\"1319\">\n<p data-start=\"1272\" data-end=\"1319\"><strong data-start=\"1272\" data-end=\"1293\">Matrices de forgeage<\/strong> et de marquage \u00e0 chaud<\/p>\n<\/li>\n<li data-start=\"1320\" data-end=\"1370\">\n<p data-start=\"1322\" data-end=\"1370\"><strong data-start=\"1322\" data-end=\"1345\">Plaquettes et poin\u00e7ons pour<\/strong> le travail \u00e0 chaud<\/p>\n<\/li>\n<li data-start=\"1371\" data-end=\"1407\">\n<p data-start=\"1373\" data-end=\"1407\"><strong data-start=\"1373\" data-end=\"1407\">Lames de coupe \u00e0 chaud<\/strong><\/p>\n<\/li>\n<li data-start=\"1408\" data-end=\"1468\">\n<p data-start=\"1410\" data-end=\"1468\"><strong data-start=\"1410\" data-end=\"1433\">Outillage d&rsquo;extrusion<\/strong> et de <strong data-start=\"1436\" data-end=\"1468\">formage<\/strong><\/p>\n<\/li>\n<li data-start=\"1469\" data-end=\"1530\">\n<p data-start=\"1471\" data-end=\"1530\"><strong data-start=\"1471\" data-end=\"1496\">Composants de moules<\/strong> soumis \u00e0 la temp\u00e9rature et \u00e0 la pression<\/p>\n<\/li>\n<\/ul>\n<h3 data-start=\"1532\" data-end=\"1577\">Qualit\u00e9s courantes de marquage \u00e0 chaud<\/h3>\n<p data-start=\"1578\" data-end=\"1813\">Dans l&rsquo;atelier et l&rsquo;industrie, les familles telles que <strong data-start=\"1630\" data-end=\"1646\">H13 \/ 1.2344<\/strong>, <strong data-start=\"1648\" data-end=\"1664\">H11 \/ 1.2343<\/strong> ou d&rsquo;autres aciers \u00e0 outils pour travail \u00e0 chaud sont courantes, choisies en fonction de l&rsquo;\u00e9quilibre souhait\u00e9 entre <strong data-start=\"1761\" data-end=\"1774\">t\u00e9nacit\u00e9<\/strong>, <strong data-start=\"1776\" data-end=\"1786\">duret\u00e9<\/strong> et <strong data-start=\"1789\" data-end=\"1812\">r\u00e9sistance \u00e0 la chaleur<\/strong>.<\/p>\n<\/blockquote>\n<p>[\/et_pb_text][\/et_pb_column][\/et_pb_row][et_pb_row column_structure=\u00a0\u00bb1_2,1_2&Prime; _builder_version=\u00a0\u00bb4.27.4&Prime; _module_preset=\u00a0\u00bbdefault\u00a0\u00bb global_colors_info=\u00a0\u00bb{}\u00a0\u00bb][et_pb_column type=\u00a0\u00bb1_2&Prime; _builder_version=\u00a0\u00bb4.27.4&Prime; _module_preset=\u00a0\u00bbdefault\u00a0\u00bb global_colors_info=\u00a0\u00bb{}\u00a0\u00bb][et_pb_blurb title=\u00a0\u00bbAcier UTP 7 ESR\u00a0\u00bb url=\u00a0\u00bbhttps:\/\/aceroscoac.com\/aceros\/acero-utp-7-esr\/\u00a0\u00bb image=\u00a0\u00bbhttps:\/\/aceroscoac.com\/wp-content\/uploads\/2025\/05\/UTP7-1223-x-300-px.jpg\u00a0\u00bb alt=\u00a0\u00bbAcier UTP 7 ESR aceroscoac\u00a0\u00bb icon_placement=\u00a0\u00bbtop\u00a0\u00bb image_icon_width=\u00a0\u00bb131%\u00a0\u00bb _builder_version=\u00a0\u00bb4.27.4&Prime; _module_preset=\u00a0\u00bbdefault\u00a0\u00bb global_colors_info=\u00a0\u00bb{}\u00a0\u00bb][\/et_pb_blurb][\/et_pb_column][et_pb_column type=\u00a0\u00bb1_2&Prime; _builder_version=\u00a0\u00bb4.27.4&Prime; _module_preset=\u00a0\u00bbdefault\u00a0\u00bb global_colors_info=\u00a0\u00bb{}\u00a0\u00bb][\/et_pb_column][\/et_pb_row][\/et_pb_section][et_pb_section fb_built=\u00a0\u00bb1&Prime; admin_label=\u00a0\u00bbHeader\u00a0\u00bb _builder_version=\u00a0\u00bb4.27.4&Prime; _module_preset=\u00a0\u00bb6234cc3d-b6f8-400b-b428-098eb18d4048&Prime; background_image=\u00a0\u00bbhttps:\/\/aceroscoac.com\/wp-content\/uploads\/2025\/04\/clasificacion-de-los-grados-de-acero-scaled.jpg\u00a0\u00bb background_position=\u00a0\u00bbbottom_left\u00a0\u00bb background_enable_video_mp4=\u00a0\u00bboff\u00a0\u00bb custom_padding=\u00a0\u00bb2vw||2vw||true|false\u00a0\u00bb collapsed=\u00a0\u00bboff\u00a0\u00bb global_colors_info=\u00a0\u00bb{%22gcid-primary-color%22:%91%22background_color_gradient_stops%22,%22quote_text_color%22%93}\u00a0\u00bb][et_pb_row _builder_version=\u00a0\u00bb4.27.4&Prime; _module_preset=\u00a0\u00bbdefault\u00a0\u00bb background_enable_color=\u00a0\u00bboff\u00a0\u00bb custom_padding=\u00a0\u00bb20px|20px|20px|20px|true|true\u00a0\u00bb global_colors_info=\u00a0\u00bb{}\u00a0\u00bb][et_pb_column type=\u00a0\u00bb4_4&Prime; _builder_version=\u00a0\u00bb4.27.0&Prime; _module_preset=\u00a0\u00bbdefault\u00a0\u00bb global_colors_info=\u00a0\u00bb{}\u00a0\u00bb][et_pb_heading title=\u00a0\u00bbComment les nuances d&#039;acier sont-elles class\u00e9es ?\u00a0\u00bb _builder_version=\u00a0\u00bb4.27.4&Prime; _module_preset=\u00a0\u00bb85bb96a3-ef78-46ce-aab0-1e7393bf0748&Prime; title_level=\u00a0\u00bbh2&Prime; title_text_color=\u00a0\u00bb#FFFFFF\u00a0\u00bb custom_margin=\u00a0\u00bb||10px||false|false\u00a0\u00bb global_colors_info=\u00a0\u00bb{}\u00a0\u00bb][\/et_pb_heading][\/et_pb_column][\/et_pb_row][\/et_pb_section][et_pb_section fb_built=\u00a0\u00bb1&Prime; _builder_version=\u00a0\u00bb4.27.4&Prime; _module_preset=\u00a0\u00bbdefault\u00a0\u00bb global_colors_info=\u00a0\u00bb{}\u00a0\u00bb][et_pb_row column_structure=\u00a0\u00bb1_2,1_2&Prime; _builder_version=\u00a0\u00bb4.27.4&Prime; _module_preset=\u00a0\u00bbdefault\u00a0\u00bb global_colors_info=\u00a0\u00bb{}\u00a0\u00bb][et_pb_column type=\u00a0\u00bb1_2&Prime; _builder_version=\u00a0\u00bb4.27.4&Prime; _module_preset=\u00a0\u00bbdefault\u00a0\u00bb global_colors_info=\u00a0\u00bb{}\u00a0\u00bb][et_pb_text _builder_version=\u00a0\u00bb4.27.4&Prime; _module_preset=\u00a0\u00bbdefault\u00a0\u00bb global_colors_info=\u00a0\u00bb{}\u00a0\u00bb]<\/p>\n<p data-start=\"222\" data-end=\"457\" class=\"\">Pour classer correctement les diff\u00e9rents types et nuances d&rsquo;acier, il est essentiel de tenir compte \u00e0 la fois de leur <strong data-start=\"326\" data-end=\"355\">composition et de leurs propri\u00e9t\u00e9s<\/strong>, des <strong data-start=\"365\" data-end=\"388\">normes europ\u00e9ennes<\/strong> applicables et des <strong data-start=\"406\" data-end=\"443\">exigences techniques de l&rsquo;utilisation finale<\/strong> du mat\u00e9riau.<\/p>\n<p data-start=\"459\" data-end=\"779\" class=\"\">Une m\u00eame nuance d&rsquo;acier peut pr\u00e9senter des <strong data-start=\"499\" data-end=\"538\">variantes aux propri\u00e9t\u00e9s diff\u00e9rentes<\/strong>, en fonction du type d&rsquo;alliage, du processus de fabrication ou des traitements thermiques et m\u00e9caniques appliqu\u00e9s. Par cons\u00e9quent, les aciers peuvent \u00eatre class\u00e9s selon <strong data-start=\"698\" data-end=\"723\">diff\u00e9rentes normes<\/strong>, en fonction de leur application et du comportement attendu.<\/p>\n<p>[\/et_pb_text][\/et_pb_column][et_pb_column type=\u00a0\u00bb1_2&Prime; _builder_version=\u00a0\u00bb4.27.4&Prime; _module_preset=\u00a0\u00bbdefault\u00a0\u00bb global_colors_info=\u00a0\u00bb{}\u00a0\u00bb][et_pb_text _builder_version=\u00a0\u00bb4.27.4&Prime; _module_preset=\u00a0\u00bbdefault\u00a0\u00bb global_colors_info=\u00a0\u00bb{}\u00a0\u00bb]<\/p>\n<p data-start=\"781\" data-end=\"866\" class=\"\">Parmi les principaux aspects analys\u00e9s pour cette classification, on trouve :<\/p>\n<ul data-start=\"868\" data-end=\"1086\">\n<li data-start=\"868\" data-end=\"893\" class=\"\">\n<p data-start=\"870\" data-end=\"893\" class=\"\"><strong data-start=\"870\" data-end=\"893\">Composition chimique<\/strong><\/p>\n<\/li>\n<li data-start=\"894\" data-end=\"916\" class=\"\">\n<p data-start=\"896\" data-end=\"916\" class=\"\"><strong data-start=\"896\" data-end=\"916\">Application finale<\/strong><\/p>\n<\/li>\n<li data-start=\"917\" data-end=\"941\" class=\"\">\n<p data-start=\"919\" data-end=\"941\" class=\"\"><strong data-start=\"919\" data-end=\"941\">Processus de finition<\/strong><\/p>\n<\/li>\n<li data-start=\"942\" data-end=\"964\" class=\"\">\n<p data-start=\"944\" data-end=\"964\" class=\"\"><strong data-start=\"944\" data-end=\"964\">Type d&rsquo;alliage<\/strong><\/p>\n<\/li>\n<li data-start=\"965\" data-end=\"992\" class=\"\">\n<p data-start=\"967\" data-end=\"992\" class=\"\"><strong data-start=\"967\" data-end=\"992\">M\u00e9thode de fabrication<\/strong><\/p>\n<\/li>\n<li data-start=\"993\" data-end=\"1019\" class=\"\">\n<p data-start=\"995\" data-end=\"1019\" class=\"\"><strong data-start=\"995\" data-end=\"1019\">R\u00e9sistance et force<\/strong><\/p>\n<\/li>\n<li data-start=\"1020\" data-end=\"1050\" class=\"\">\n<p data-start=\"1022\" data-end=\"1050\" class=\"\"><strong data-start=\"1022\" data-end=\"1050\">Traitements ult\u00e9rieurs<\/strong><\/p>\n<\/li>\n<li data-start=\"1051\" data-end=\"1086\" class=\"\">\n<p data-start=\"1053\" data-end=\"1086\" class=\"\"><strong data-start=\"1053\" data-end=\"1086\">Usure et r\u00e9sistance \u00e0 l&rsquo;utilisation<\/strong><\/p>\n<\/li>\n<\/ul>\n<p>[\/et_pb_text][\/et_pb_column][\/et_pb_row][et_pb_row _builder_version=\u00a0\u00bb4.27.4&Prime; _module_preset=\u00a0\u00bbdefault\u00a0\u00bb global_colors_info=\u00a0\u00bb{}\u00a0\u00bb][et_pb_column type=\u00a0\u00bb4_4&Prime; _builder_version=\u00a0\u00bb4.27.4&Prime; _module_preset=\u00a0\u00bbdefault\u00a0\u00bb global_colors_info=\u00a0\u00bb{}\u00a0\u00bb][et_pb_text _builder_version=\u00a0\u00bb4.27.4&Prime; _module_preset=\u00a0\u00bbdefault\u00a0\u00bb global_colors_info=\u00a0\u00bb{}\u00a0\u00bb]<\/p>\n<h3 data-start=\"222\" data-end=\"457\"><span>Chez <\/span><strong data-start=\"1091\" data-end=\"1106\">Aceros Coac<\/strong><span>, nous vous aidons \u00e0 choisir la nuance d&rsquo;acier id\u00e9ale en fonction de vos besoins techniques et de production.<\/span><\/h3>\n<p>[\/et_pb_text][et_pb_text _builder_version=\u00a0\u00bb4.27.4&Prime; _module_preset=\u00a0\u00bbdefault\u00a0\u00bb global_colors_info=\u00a0\u00bb{}\u00a0\u00bb]<\/p>\n<p data-start=\"212\" data-end=\"489\" class=\"\"><strong data-start=\"215\" data-end=\"230\">Aceros Coac<\/strong> a plus de <strong data-start=\"251\" data-end=\"277\">40 ans d&rsquo;exp\u00e9rience<\/strong> dans le secteur m\u00e9tallurgique, depuis 1982. Notre \u00e9quipe technique est hautement qualifi\u00e9e pour vous aider \u00e0 choisir la <strong data-start=\"392\" data-end=\"423\">nuance d&rsquo;acier la plus adapt\u00e9e \u00e0<\/strong> chaque application, avec une approche personnalis\u00e9e et professionnelle.<\/p>\n<p data-start=\"491\" data-end=\"654\" class=\"\">Nous analysons en profondeur les <strong data-start=\"521\" data-end=\"585\">propri\u00e9t\u00e9s m\u00e9caniques, la composition chimique et l&rsquo;utilisation finale<\/strong> de chaque mat\u00e9riau, assurant ainsi la meilleure solution pour votre projet.<\/p>\n<p data-start=\"656\" data-end=\"841\" class=\"\">L&rsquo;acier fait partie de presque tout ce que nous utilisons quotidiennement, et son choix n&rsquo;est pas un d\u00e9tail mineur : c&rsquo;est la base de la <strong data-start=\"769\" data-end=\"807\">qualit\u00e9, de la r\u00e9sistance et de la durabilit\u00e9<\/strong> de tout produit industriel.<\/p>\n<p data-start=\"843\" data-end=\"1107\" class=\"\">Depuis nos installations \u00e0 <strong data-start=\"875\" data-end=\"887\">Saragosse<\/strong>, avec plus de <strong data-start=\"900\" data-end=\"923\">3 700 m\u00b2 d&rsquo;entrep\u00f4t<\/strong>, nous offrons une <strong data-start=\"939\" data-end=\"969\">logistique agile et efficace<\/strong> pour approvisionner les entreprises de secteurs aussi exigeants que l&rsquo;<strong data-start=\"1030\" data-end=\"1091\">automobile, la technologie, la fabrication d&rsquo;outils<\/strong> et bien d&rsquo;autres.<\/p>\n<p data-start=\"1109\" data-end=\"1257\" class=\"\">Chez <strong data-start=\"1112\" data-end=\"1127\">Aceros Coac<\/strong>, nous combinons exp\u00e9rience, connaissance technique et une infrastructure pr\u00e9par\u00e9e pour apporter une r\u00e9ponse rapide et pr\u00e9cise \u00e0 chaque client.<\/p>\n<p>[\/et_pb_text][\/et_pb_column][\/et_pb_row][et_pb_row _builder_version=\u00a0\u00bb4.27.4&Prime; _module_preset=\u00a0\u00bbdefault\u00a0\u00bb background_color=\u00a0\u00bbgcid-primary-color\u00a0\u00bb width_tablet=\u00a0\u00bb\u00a0\u00bb width_phone=\u00a0\u00bb90%\u00a0\u00bb width_last_edited=\u00a0\u00bbon|phone\u00a0\u00bb custom_padding=\u00a0\u00bb|35px||35px|false|true\u00a0\u00bb global_colors_info=\u00a0\u00bb{%22gcid-primary-color%22:%91%22background_color%22%93}\u00a0\u00bb width__hover_enabled=\u00a0\u00bboff|desktop\u00a0\u00bb][et_pb_column type=\u00a0\u00bb4_4&Prime; _builder_version=\u00a0\u00bb4.27.4&Prime; _module_preset=\u00a0\u00bbdefault\u00a0\u00bb global_colors_info=\u00a0\u00bb{}\u00a0\u00bb][et_pb_text _builder_version=\u00a0\u00bb4.27.4&Prime; _module_preset=\u00a0\u00bbdefault\u00a0\u00bb text_text_color=\u00a0\u00bb#FFFFFF\u00a0\u00bb header_3_text_color=\u00a0\u00bb#FFFFFF\u00a0\u00bb global_colors_info=\u00a0\u00bb{}\u00a0\u00bb]<\/p>\n<h3>Demander des informations<\/h3>\n<p><span>Contactez-nous pour plus d&rsquo;informations et de conseils sur l&rsquo;Accrom Plus W.Nr1.2379 ou toute autre qualit\u00e9 d&rsquo;acier. <\/span><\/p>\n<p>[\/et_pb_text][et_pb_button button_url=\u00a0\u00bbhttps:\/\/aceroscoac.com\/fr\/contact\/\u00a0\u00bb button_text=\u00a0\u00bbDemander des infos\u00a0\u00bb _builder_version=\u00a0\u00bb4.27.4&Prime; _module_preset=\u00a0\u00bbdefault\u00a0\u00bb button_text_color=\u00a0\u00bbgcid-primary-color\u00a0\u00bb button_bg_color=\u00a0\u00bb#FFFFFF\u00a0\u00bb button_border_radius=\u00a0\u00bb0px\u00a0\u00bb custom_padding=\u00a0\u00bb12px|24px|12px|24px|true|true\u00a0\u00bb global_colors_info=\u00a0\u00bb{%22gcid-primary-color%22:%91%22button_bg_color%22,%22button_text_color%22%93}\u00a0\u00bb][\/et_pb_button][\/et_pb_column][\/et_pb_row][\/et_pb_section]<\/p>\n","protected":false},"excerpt":{"rendered":"<p>Les aciers de forgeage \u00e0 chaud sont des aciers \u00e0 outils con\u00e7us pour fabriquer des matrices et des outils travaillant \u00e0 des temp\u00e9ratures \u00e9lev\u00e9es au cours de processus tels que le forgeage, l&rsquo;estampage et le formage \u00e0 chaud. Ils sont con\u00e7us pour r\u00e9sister aux cycles thermiques continus et aux contraintes m\u00e9caniques s\u00e9v\u00e8res sans perte de [&hellip;]<\/p>\n","protected":false},"author":1,"featured_media":0,"parent":2627,"menu_order":0,"comment_status":"closed","ping_status":"closed","template":"","meta":{"_et_pb_use_builder":"on","_et_pb_old_content":"","_et_gb_content_width":"","footnotes":""},"class_list":["post-3921","page","type-page","status-publish","hentry"],"_links":{"self":[{"href":"https:\/\/aceroscoac.com\/fr\/wp-json\/wp\/v2\/pages\/3921","targetHints":{"allow":["GET"]}}],"collection":[{"href":"https:\/\/aceroscoac.com\/fr\/wp-json\/wp\/v2\/pages"}],"about":[{"href":"https:\/\/aceroscoac.com\/fr\/wp-json\/wp\/v2\/types\/page"}],"author":[{"embeddable":true,"href":"https:\/\/aceroscoac.com\/fr\/wp-json\/wp\/v2\/users\/1"}],"replies":[{"embeddable":true,"href":"https:\/\/aceroscoac.com\/fr\/wp-json\/wp\/v2\/comments?post=3921"}],"version-history":[{"count":2,"href":"https:\/\/aceroscoac.com\/fr\/wp-json\/wp\/v2\/pages\/3921\/revisions"}],"predecessor-version":[{"id":3923,"href":"https:\/\/aceroscoac.com\/fr\/wp-json\/wp\/v2\/pages\/3921\/revisions\/3923"}],"up":[{"embeddable":true,"href":"https:\/\/aceroscoac.com\/fr\/wp-json\/wp\/v2\/pages\/2627"}],"wp:attachment":[{"href":"https:\/\/aceroscoac.com\/fr\/wp-json\/wp\/v2\/media?parent=3921"}],"curies":[{"name":"wp","href":"https:\/\/api.w.org\/{rel}","templated":true}]}}